{"id":998,"date":"2026-02-02T14:07:24","date_gmt":"2026-02-02T14:07:24","guid":{"rendered":"https:\/\/tapebox.fi\/?post_type=product&#038;p=998"},"modified":"2026-04-26T12:59:46","modified_gmt":"2026-04-26T12:59:46","slug":"maxell-ur-90","status":"publish","type":"product","link":"https:\/\/tapebox.fi\/fi\/tuote\/maxell-ur-90\/","title":{"rendered":"Maxell UR 90"},"content":{"rendered":"<p>Premium Quality Maxell -nauha<br \/>\nUR 90<\/p>\n<p>Se on optimoitu puheen tallennukseen, mutta sen v\u00e4h\u00e4kohinainen pinta soveltuu erinomaisesti my\u00f6s musiikille.<\/p>\n<p>Kokonaispituus on 90 minuuttia (45 minuuttia per puoli). Nauhassa on voimakas ja tasainen magneettisuus, mik\u00e4 varmistaa korkealaatuisen tallennuksen.<\/p>\n<p>Features<br \/>\n90 min. (2&#215;45)<br \/>\n135m\/443ft.<br \/>\nGreat for everyday recording<br \/>\nNormal bias<br \/>\nIEC Type I<br \/>\nEQ 120\/\u03bcs<\/p>","protected":false},"excerpt":{"rendered":"<p>Uusia<\/p>","protected":false},"featured_media":1000,"template":"","meta":[],"product_brand":[],"product_cat":[28,37,25,30,42],"product_tag":[],"class_list":{"0":"post-998","1":"product","2":"type-product","3":"status-publish","4":"has-post-thumbnail","6":"product_cat-cassette","7":"product_cat-cassette-new","8":"product_cat-new","9":"product_cat-type-1","10":"product_cat-type-1-new","12":"first","13":"instock","14":"taxable","15":"shipping-taxable","16":"purchasable","17":"product-type-simple"},"yoast_head":"<!-- This site is optimized with the Yoast SEO plugin v27.6 - https:\/\/yoast.com\/product\/yoast-seo-wordpress\/ -->\n<title>Maxell UR 90 - Tape Box<\/title>\n<meta name=\"description\" content=\"Maxell UR 90 Cassette Kasetti Premium Quality Maxell TapeUR 90Optimally designed for voice recording, its Low Noise surface provides a suitable media for music, as well.Total recording time per cassette tape is 90 minutes or 45 minutes per side. Out tape is Fresh and magnetized. Ensuring highest fidelity recording.Features90 min. (2x45)135m\/443ft.Great for everyday recordingNormal biasIEC Type IEQ 120\/\u03bcs\" \/>\n<meta name=\"robots\" content=\"index, follow, max-snippet:-1, max-image-preview:large, max-video-preview:-1\" \/>\n<link rel=\"canonical\" href=\"https:\/\/tapebox.fi\/fi\/tuote\/maxell-ur-90\/\" \/>\n<meta property=\"og:locale\" content=\"fi_FI\" \/>\n<meta property=\"og:type\" content=\"article\" \/>\n<meta property=\"og:title\" content=\"Maxell UR 90 - Tape Box\" \/>\n<meta property=\"og:description\" content=\"Maxell UR 90 Cassette Kasetti Premium Quality Maxell TapeUR 90Optimally designed for voice recording, its Low Noise surface provides a suitable media for music, as well.Total recording time per cassette tape is 90 minutes or 45 minutes per side. Out tape is Fresh and magnetized. Ensuring highest fidelity recording.Features90 min. (2x45)135m\/443ft.Great for everyday recordingNormal biasIEC Type IEQ 120\/\u03bcs\" \/>\n<meta property=\"og:url\" content=\"https:\/\/tapebox.fi\/fi\/tuote\/maxell-ur-90\/\" \/>\n<meta property=\"og:site_name\" content=\"Tape Box\" \/>\n<meta property=\"article:modified_time\" content=\"2026-04-26T12:59:46+00:00\" \/>\n<meta property=\"og:image\" content=\"https:\/\/tapebox.fi\/wp-content\/uploads\/2026\/02\/IMG_20260202_160241.jpg\" \/>\n\t<meta property=\"og:image:width\" content=\"1500\" \/>\n\t<meta property=\"og:image:height\" content=\"1371\" \/>\n\t<meta property=\"og:image:type\" content=\"image\/jpeg\" \/>\n<meta name=\"twitter:card\" content=\"summary_large_image\" \/>\n<meta name=\"twitter:label1\" content=\"Arvioitu lukuaika\" \/>\n\t<meta name=\"twitter:data1\" content=\"1 minuutti\" \/>\n<script type=\"application\/ld+json\" class=\"yoast-schema-graph\">{\"@context\":\"https:\\\/\\\/schema.org\",\"@graph\":[{\"@type\":\"WebPage\",\"@id\":\"https:\\\/\\\/tapebox.fi\\\/product\\\/maxell-ur-90\\\/\",\"url\":\"https:\\\/\\\/tapebox.fi\\\/product\\\/maxell-ur-90\\\/\",\"name\":\"Maxell UR 90 - Tape Box\",\"isPartOf\":{\"@id\":\"https:\\\/\\\/tapebox.fi\\\/#website\"},\"primaryImageOfPage\":{\"@id\":\"https:\\\/\\\/tapebox.fi\\\/product\\\/maxell-ur-90\\\/#primaryimage\"},\"image\":{\"@id\":\"https:\\\/\\\/tapebox.fi\\\/product\\\/maxell-ur-90\\\/#primaryimage\"},\"thumbnailUrl\":\"https:\\\/\\\/tapebox.fi\\\/wp-content\\\/uploads\\\/2026\\\/02\\\/IMG_20260202_160241.jpg\",\"datePublished\":\"2026-02-02T14:07:24+00:00\",\"dateModified\":\"2026-04-26T12:59:46+00:00\",\"description\":\"Maxell UR 90 Cassette Kasetti Premium Quality Maxell TapeUR 90Optimally designed for voice recording, its Low Noise surface provides a suitable media for music, as well.Total recording time per cassette tape is 90 minutes or 45 minutes per side. Out tape is Fresh and magnetized. Ensuring highest fidelity recording.Features90 min. (2x45)135m\\\/443ft.Great for everyday recordingNormal biasIEC Type IEQ 120\\\/\u03bcs\",\"breadcrumb\":{\"@id\":\"https:\\\/\\\/tapebox.fi\\\/product\\\/maxell-ur-90\\\/#breadcrumb\"},\"inLanguage\":\"fi\",\"potentialAction\":[{\"@type\":\"ReadAction\",\"target\":[\"https:\\\/\\\/tapebox.fi\\\/product\\\/maxell-ur-90\\\/\"]}]},{\"@type\":\"ImageObject\",\"inLanguage\":\"fi\",\"@id\":\"https:\\\/\\\/tapebox.fi\\\/product\\\/maxell-ur-90\\\/#primaryimage\",\"url\":\"https:\\\/\\\/tapebox.fi\\\/wp-content\\\/uploads\\\/2026\\\/02\\\/IMG_20260202_160241.jpg\",\"contentUrl\":\"https:\\\/\\\/tapebox.fi\\\/wp-content\\\/uploads\\\/2026\\\/02\\\/IMG_20260202_160241.jpg\",\"width\":1500,\"height\":1371},{\"@type\":\"BreadcrumbList\",\"@id\":\"https:\\\/\\\/tapebox.fi\\\/product\\\/maxell-ur-90\\\/#breadcrumb\",\"itemListElement\":[{\"@type\":\"ListItem\",\"position\":1,\"name\":\"Home\",\"item\":\"https:\\\/\\\/tapebox.fi\\\/\"},{\"@type\":\"ListItem\",\"position\":2,\"name\":\"Shop\",\"item\":\"https:\\\/\\\/tapebox.fi\\\/\"},{\"@type\":\"ListItem\",\"position\":3,\"name\":\"Maxell UR 90\"}]},{\"@type\":\"WebSite\",\"@id\":\"https:\\\/\\\/tapebox.fi\\\/#website\",\"url\":\"https:\\\/\\\/tapebox.fi\\\/\",\"name\":\"Tape Box\",\"description\":\"\",\"potentialAction\":[{\"@type\":\"SearchAction\",\"target\":{\"@type\":\"EntryPoint\",\"urlTemplate\":\"https:\\\/\\\/tapebox.fi\\\/?s={search_term_string}\"},\"query-input\":{\"@type\":\"PropertyValueSpecification\",\"valueRequired\":true,\"valueName\":\"search_term_string\"}}],\"inLanguage\":\"fi\"}]}<\/script>\n<!-- \/ Yoast SEO plugin. -->","yoast_head_json":{"title":"Maxell UR 90 - Tape Box","description":"Maxell UR 90 Cassette Kasetti Premium Quality Maxell TapeUR 90Optimally designed for voice recording, its Low Noise surface provides a suitable media for music, as well.Total recording time per cassette tape is 90 minutes or 45 minutes per side. Out tape is Fresh and magnetized. Ensuring highest fidelity recording.Features90 min. (2x45)135m\/443ft.Great for everyday recordingNormal biasIEC Type IEQ 120\/\u03bcs","robots":{"index":"index","follow":"follow","max-snippet":"max-snippet:-1","max-image-preview":"max-image-preview:large","max-video-preview":"max-video-preview:-1"},"canonical":"https:\/\/tapebox.fi\/fi\/tuote\/maxell-ur-90\/","og_locale":"fi_FI","og_type":"article","og_title":"Maxell UR 90 - Tape Box","og_description":"Maxell UR 90 Cassette Kasetti Premium Quality Maxell TapeUR 90Optimally designed for voice recording, its Low Noise surface provides a suitable media for music, as well.Total recording time per cassette tape is 90 minutes or 45 minutes per side. Out tape is Fresh and magnetized. Ensuring highest fidelity recording.Features90 min. (2x45)135m\/443ft.Great for everyday recordingNormal biasIEC Type IEQ 120\/\u03bcs","og_url":"https:\/\/tapebox.fi\/fi\/tuote\/maxell-ur-90\/","og_site_name":"Tape Box","article_modified_time":"2026-04-26T12:59:46+00:00","og_image":[{"width":1500,"height":1371,"url":"https:\/\/tapebox.fi\/wp-content\/uploads\/2026\/02\/IMG_20260202_160241.jpg","type":"image\/jpeg"}],"twitter_card":"summary_large_image","twitter_misc":{"Arvioitu lukuaika":"1 minuutti"},"schema":{"@context":"https:\/\/schema.org","@graph":[{"@type":"WebPage","@id":"https:\/\/tapebox.fi\/product\/maxell-ur-90\/","url":"https:\/\/tapebox.fi\/product\/maxell-ur-90\/","name":"Maxell UR 90 - Tape Box","isPartOf":{"@id":"https:\/\/tapebox.fi\/#website"},"primaryImageOfPage":{"@id":"https:\/\/tapebox.fi\/product\/maxell-ur-90\/#primaryimage"},"image":{"@id":"https:\/\/tapebox.fi\/product\/maxell-ur-90\/#primaryimage"},"thumbnailUrl":"https:\/\/tapebox.fi\/wp-content\/uploads\/2026\/02\/IMG_20260202_160241.jpg","datePublished":"2026-02-02T14:07:24+00:00","dateModified":"2026-04-26T12:59:46+00:00","description":"Maxell UR 90 Cassette Kasetti Premium Quality Maxell TapeUR 90Optimally designed for voice recording, its Low Noise surface provides a suitable media for music, as well.Total recording time per cassette tape is 90 minutes or 45 minutes per side. Out tape is Fresh and magnetized. Ensuring highest fidelity recording.Features90 min. (2x45)135m\/443ft.Great for everyday recordingNormal biasIEC Type IEQ 120\/\u03bcs","breadcrumb":{"@id":"https:\/\/tapebox.fi\/product\/maxell-ur-90\/#breadcrumb"},"inLanguage":"fi","potentialAction":[{"@type":"ReadAction","target":["https:\/\/tapebox.fi\/product\/maxell-ur-90\/"]}]},{"@type":"ImageObject","inLanguage":"fi","@id":"https:\/\/tapebox.fi\/product\/maxell-ur-90\/#primaryimage","url":"https:\/\/tapebox.fi\/wp-content\/uploads\/2026\/02\/IMG_20260202_160241.jpg","contentUrl":"https:\/\/tapebox.fi\/wp-content\/uploads\/2026\/02\/IMG_20260202_160241.jpg","width":1500,"height":1371},{"@type":"BreadcrumbList","@id":"https:\/\/tapebox.fi\/product\/maxell-ur-90\/#breadcrumb","itemListElement":[{"@type":"ListItem","position":1,"name":"Home","item":"https:\/\/tapebox.fi\/"},{"@type":"ListItem","position":2,"name":"Shop","item":"https:\/\/tapebox.fi\/"},{"@type":"ListItem","position":3,"name":"Maxell UR 90"}]},{"@type":"WebSite","@id":"https:\/\/tapebox.fi\/#website","url":"https:\/\/tapebox.fi\/","name":"Tape Box","description":"","potentialAction":[{"@type":"SearchAction","target":{"@type":"EntryPoint","urlTemplate":"https:\/\/tapebox.fi\/?s={search_term_string}"},"query-input":{"@type":"PropertyValueSpecification","valueRequired":true,"valueName":"search_term_string"}}],"inLanguage":"fi"}]}},"jetpack_sharing_enabled":true,"_links":{"self":[{"href":"https:\/\/tapebox.fi\/fi\/wp-json\/wp\/v2\/product\/998","targetHints":{"allow":["GET"]}}],"collection":[{"href":"https:\/\/tapebox.fi\/fi\/wp-json\/wp\/v2\/product"}],"about":[{"href":"https:\/\/tapebox.fi\/fi\/wp-json\/wp\/v2\/types\/product"}],"wp:featuredmedia":[{"embeddable":true,"href":"https:\/\/tapebox.fi\/fi\/wp-json\/wp\/v2\/media\/1000"}],"wp:attachment":[{"href":"https:\/\/tapebox.fi\/fi\/wp-json\/wp\/v2\/media?parent=998"}],"wp:term":[{"taxonomy":"product_brand","embeddable":true,"href":"https:\/\/tapebox.fi\/fi\/wp-json\/wp\/v2\/product_brand?post=998"},{"taxonomy":"product_cat","embeddable":true,"href":"https:\/\/tapebox.fi\/fi\/wp-json\/wp\/v2\/product_cat?post=998"},{"taxonomy":"product_tag","embeddable":true,"href":"https:\/\/tapebox.fi\/fi\/wp-json\/wp\/v2\/product_tag?post=998"}],"curies":[{"name":"wp","href":"https:\/\/api.w.org\/{rel}","templated":true}]}}