{"id":763,"date":"2026-01-12T14:06:04","date_gmt":"2026-01-12T14:06:04","guid":{"rendered":"https:\/\/tapebox.fi\/?post_type=product&#038;p=763"},"modified":"2026-01-30T05:33:04","modified_gmt":"2026-01-30T05:33:04","slug":"sony-basic-md","status":"publish","type":"product","link":"https:\/\/tapebox.fi\/fi\/tuote\/sony-basic-md\/","title":{"rendered":"Sony Basic MD"},"content":{"rendered":"<p>K\u00e4ytettyj\u00e4 tyhji\u00e4 MiniDiscej\u00e4. Kotelo on k\u00e4ytetty jossa saattaa olla naarmuja tai pieni\u00e4 halkeamia.<br \/>\nLevyt ovat hyv\u00e4ss\u00e4 kunnossa. niiss\u00e4 saattaa olla kevyit\u00e4 naarmuja.<\/p>","protected":false},"excerpt":{"rendered":"<p>K\u00e4ytettyj\u00e4<\/p>","protected":false},"featured_media":775,"template":"","meta":[],"product_brand":[],"product_cat":[41,40,26],"product_tag":[],"class_list":{"0":"post-763","1":"product","2":"type-product","3":"status-publish","4":"has-post-thumbnail","6":"product_cat-minidisc","7":"product_cat-minidisc-used","8":"product_cat-used","10":"first","11":"instock","12":"taxable","13":"shipping-taxable","14":"purchasable","15":"product-type-composite"},"yoast_head":"<!-- This site is optimized with the Yoast SEO plugin v27.5 - https:\/\/yoast.com\/product\/yoast-seo-wordpress\/ -->\n<title>Sony Basic MD - Tape Box<\/title>\n<meta name=\"description\" content=\"Used blank MiniDisc. The case is used and may show scratches or minor cracks. The discs are in very good condition and may have light surface scratches. minidisc levyj\u00e4\" \/>\n<meta name=\"robots\" content=\"index, follow, max-snippet:-1, max-image-preview:large, max-video-preview:-1\" \/>\n<link rel=\"canonical\" href=\"https:\/\/tapebox.fi\/fi\/tuote\/sony-basic-md\/\" \/>\n<meta property=\"og:locale\" content=\"fi_FI\" \/>\n<meta property=\"og:type\" content=\"article\" \/>\n<meta property=\"og:title\" content=\"Sony Basic MD - Tape Box\" \/>\n<meta property=\"og:description\" content=\"Used blank MiniDisc. The case is used and may show scratches or minor cracks. The discs are in very good condition and may have light surface scratches. minidisc levyj\u00e4\" \/>\n<meta property=\"og:url\" content=\"https:\/\/tapebox.fi\/fi\/tuote\/sony-basic-md\/\" \/>\n<meta property=\"og:site_name\" content=\"Tape Box\" \/>\n<meta property=\"article:modified_time\" content=\"2026-01-30T05:33:04+00:00\" \/>\n<meta property=\"og:image\" content=\"https:\/\/tapebox.fi\/wp-content\/uploads\/2026\/01\/IMG_20260113_214429-scaled.jpg\" \/>\n\t<meta property=\"og:image:width\" content=\"1500\" \/>\n\t<meta property=\"og:image:height\" content=\"1126\" \/>\n\t<meta property=\"og:image:type\" content=\"image\/jpeg\" \/>\n<meta name=\"twitter:card\" content=\"summary_large_image\" \/>\n<meta name=\"twitter:label1\" content=\"Arvioitu lukuaika\" \/>\n\t<meta name=\"twitter:data1\" content=\"1 minuutti\" \/>\n<script type=\"application\/ld+json\" class=\"yoast-schema-graph\">{\"@context\":\"https:\\\/\\\/schema.org\",\"@graph\":[{\"@type\":\"WebPage\",\"@id\":\"https:\\\/\\\/tapebox.fi\\\/product\\\/sony-basic-md\\\/\",\"url\":\"https:\\\/\\\/tapebox.fi\\\/product\\\/sony-basic-md\\\/\",\"name\":\"Sony Basic MD - Tape Box\",\"isPartOf\":{\"@id\":\"https:\\\/\\\/tapebox.fi\\\/#website\"},\"primaryImageOfPage\":{\"@id\":\"https:\\\/\\\/tapebox.fi\\\/product\\\/sony-basic-md\\\/#primaryimage\"},\"image\":{\"@id\":\"https:\\\/\\\/tapebox.fi\\\/product\\\/sony-basic-md\\\/#primaryimage\"},\"thumbnailUrl\":\"https:\\\/\\\/tapebox.fi\\\/wp-content\\\/uploads\\\/2026\\\/01\\\/IMG_20260113_214429-scaled.jpg\",\"datePublished\":\"2026-01-12T14:06:04+00:00\",\"dateModified\":\"2026-01-30T05:33:04+00:00\",\"description\":\"Used blank MiniDisc. The case is used and may show scratches or minor cracks. The discs are in very good condition and may have light surface scratches. minidisc levyj\u00e4\",\"breadcrumb\":{\"@id\":\"https:\\\/\\\/tapebox.fi\\\/product\\\/sony-basic-md\\\/#breadcrumb\"},\"inLanguage\":\"fi\",\"potentialAction\":[{\"@type\":\"ReadAction\",\"target\":[\"https:\\\/\\\/tapebox.fi\\\/product\\\/sony-basic-md\\\/\"]}]},{\"@type\":\"ImageObject\",\"inLanguage\":\"fi\",\"@id\":\"https:\\\/\\\/tapebox.fi\\\/product\\\/sony-basic-md\\\/#primaryimage\",\"url\":\"https:\\\/\\\/tapebox.fi\\\/wp-content\\\/uploads\\\/2026\\\/01\\\/IMG_20260113_214429-scaled.jpg\",\"contentUrl\":\"https:\\\/\\\/tapebox.fi\\\/wp-content\\\/uploads\\\/2026\\\/01\\\/IMG_20260113_214429-scaled.jpg\",\"width\":1500,\"height\":1126},{\"@type\":\"BreadcrumbList\",\"@id\":\"https:\\\/\\\/tapebox.fi\\\/product\\\/sony-basic-md\\\/#breadcrumb\",\"itemListElement\":[{\"@type\":\"ListItem\",\"position\":1,\"name\":\"Home\",\"item\":\"https:\\\/\\\/tapebox.fi\\\/\"},{\"@type\":\"ListItem\",\"position\":2,\"name\":\"Shop\",\"item\":\"https:\\\/\\\/tapebox.fi\\\/\"},{\"@type\":\"ListItem\",\"position\":3,\"name\":\"Sony Basic MD\"}]},{\"@type\":\"WebSite\",\"@id\":\"https:\\\/\\\/tapebox.fi\\\/#website\",\"url\":\"https:\\\/\\\/tapebox.fi\\\/\",\"name\":\"Tape Box\",\"description\":\"\",\"potentialAction\":[{\"@type\":\"SearchAction\",\"target\":{\"@type\":\"EntryPoint\",\"urlTemplate\":\"https:\\\/\\\/tapebox.fi\\\/?s={search_term_string}\"},\"query-input\":{\"@type\":\"PropertyValueSpecification\",\"valueRequired\":true,\"valueName\":\"search_term_string\"}}],\"inLanguage\":\"fi\"}]}<\/script>\n<!-- \/ Yoast SEO plugin. -->","yoast_head_json":{"title":"Sony Basic MD - Tape Box","description":"Used blank MiniDisc. The case is used and may show scratches or minor cracks. The discs are in very good condition and may have light surface scratches. minidisc levyj\u00e4","robots":{"index":"index","follow":"follow","max-snippet":"max-snippet:-1","max-image-preview":"max-image-preview:large","max-video-preview":"max-video-preview:-1"},"canonical":"https:\/\/tapebox.fi\/fi\/tuote\/sony-basic-md\/","og_locale":"fi_FI","og_type":"article","og_title":"Sony Basic MD - Tape Box","og_description":"Used blank MiniDisc. The case is used and may show scratches or minor cracks. The discs are in very good condition and may have light surface scratches. minidisc levyj\u00e4","og_url":"https:\/\/tapebox.fi\/fi\/tuote\/sony-basic-md\/","og_site_name":"Tape Box","article_modified_time":"2026-01-30T05:33:04+00:00","og_image":[{"width":1500,"height":1126,"url":"https:\/\/tapebox.fi\/wp-content\/uploads\/2026\/01\/IMG_20260113_214429-scaled.jpg","type":"image\/jpeg"}],"twitter_card":"summary_large_image","twitter_misc":{"Arvioitu lukuaika":"1 minuutti"},"schema":{"@context":"https:\/\/schema.org","@graph":[{"@type":"WebPage","@id":"https:\/\/tapebox.fi\/product\/sony-basic-md\/","url":"https:\/\/tapebox.fi\/product\/sony-basic-md\/","name":"Sony Basic MD - Tape Box","isPartOf":{"@id":"https:\/\/tapebox.fi\/#website"},"primaryImageOfPage":{"@id":"https:\/\/tapebox.fi\/product\/sony-basic-md\/#primaryimage"},"image":{"@id":"https:\/\/tapebox.fi\/product\/sony-basic-md\/#primaryimage"},"thumbnailUrl":"https:\/\/tapebox.fi\/wp-content\/uploads\/2026\/01\/IMG_20260113_214429-scaled.jpg","datePublished":"2026-01-12T14:06:04+00:00","dateModified":"2026-01-30T05:33:04+00:00","description":"Used blank MiniDisc. The case is used and may show scratches or minor cracks. The discs are in very good condition and may have light surface scratches. minidisc levyj\u00e4","breadcrumb":{"@id":"https:\/\/tapebox.fi\/product\/sony-basic-md\/#breadcrumb"},"inLanguage":"fi","potentialAction":[{"@type":"ReadAction","target":["https:\/\/tapebox.fi\/product\/sony-basic-md\/"]}]},{"@type":"ImageObject","inLanguage":"fi","@id":"https:\/\/tapebox.fi\/product\/sony-basic-md\/#primaryimage","url":"https:\/\/tapebox.fi\/wp-content\/uploads\/2026\/01\/IMG_20260113_214429-scaled.jpg","contentUrl":"https:\/\/tapebox.fi\/wp-content\/uploads\/2026\/01\/IMG_20260113_214429-scaled.jpg","width":1500,"height":1126},{"@type":"BreadcrumbList","@id":"https:\/\/tapebox.fi\/product\/sony-basic-md\/#breadcrumb","itemListElement":[{"@type":"ListItem","position":1,"name":"Home","item":"https:\/\/tapebox.fi\/"},{"@type":"ListItem","position":2,"name":"Shop","item":"https:\/\/tapebox.fi\/"},{"@type":"ListItem","position":3,"name":"Sony Basic MD"}]},{"@type":"WebSite","@id":"https:\/\/tapebox.fi\/#website","url":"https:\/\/tapebox.fi\/","name":"Tape Box","description":"","potentialAction":[{"@type":"SearchAction","target":{"@type":"EntryPoint","urlTemplate":"https:\/\/tapebox.fi\/?s={search_term_string}"},"query-input":{"@type":"PropertyValueSpecification","valueRequired":true,"valueName":"search_term_string"}}],"inLanguage":"fi"}]}},"jetpack_sharing_enabled":true,"_links":{"self":[{"href":"https:\/\/tapebox.fi\/fi\/wp-json\/wp\/v2\/product\/763","targetHints":{"allow":["GET"]}}],"collection":[{"href":"https:\/\/tapebox.fi\/fi\/wp-json\/wp\/v2\/product"}],"about":[{"href":"https:\/\/tapebox.fi\/fi\/wp-json\/wp\/v2\/types\/product"}],"wp:featuredmedia":[{"embeddable":true,"href":"https:\/\/tapebox.fi\/fi\/wp-json\/wp\/v2\/media\/775"}],"wp:attachment":[{"href":"https:\/\/tapebox.fi\/fi\/wp-json\/wp\/v2\/media?parent=763"}],"wp:term":[{"taxonomy":"product_brand","embeddable":true,"href":"https:\/\/tapebox.fi\/fi\/wp-json\/wp\/v2\/product_brand?post=763"},{"taxonomy":"product_cat","embeddable":true,"href":"https:\/\/tapebox.fi\/fi\/wp-json\/wp\/v2\/product_cat?post=763"},{"taxonomy":"product_tag","embeddable":true,"href":"https:\/\/tapebox.fi\/fi\/wp-json\/wp\/v2\/product_tag?post=763"}],"curies":[{"name":"wp","href":"https:\/\/api.w.org\/{rel}","templated":true}]}}