{"id":525,"date":"2025-12-21T14:24:12","date_gmt":"2025-12-21T14:24:12","guid":{"rendered":"https:\/\/tapebox.fi\/?post_type=product&#038;p=525"},"modified":"2026-01-30T05:22:05","modified_gmt":"2026-01-30T05:22:05","slug":"minidisc-md-case","status":"publish","type":"product","link":"https:\/\/tapebox.fi\/fi\/tuote\/minidisc-md-case\/","title":{"rendered":"Minidisc MD Kotelo"},"content":{"rendered":"<div class=\"quantity-discounts-container\">\n<h3 style=\"color: #d1d1d1;\">\u25bc M\u00e4\u00e4r\u00e4alennukset<\/h3>\n<table style=\"width: 100%; border-collapse: collapse; background-color: #1a1a1a; color: #d1d1d1; font-family: sans-serif;\">\n<thead>\n<tr style=\"border-bottom: 1px solid #333; text-align: left;\">\n<th style=\"padding: 12px;\">M\u00e4\u00e4r\u00e4<\/th>\n<th style=\"padding: 12px;\">Alennus<\/th>\n<th style=\"padding: 12px;\">Price per unit<\/th>\n<\/tr>\n<\/thead>\n<tbody>\n<tr style=\"border-bottom: 1px solid #333;\">\n<td style=\"padding: 12px;\">1 \u2013 49 pcs<\/td>\n<td style=\"padding: 12px;\">\u2014<\/td>\n<td style=\"padding: 12px;\">\u20ac0,90<\/td>\n<\/tr>\n<tr style=\"border-bottom: 1px solid #333;\">\n<td style=\"padding: 12px;\">50 \u2013 99 pcs<\/td>\n<td style=\"padding: 12px; color: #ff4d4d;\">5% off<\/td>\n<td style=\"padding: 12px;\">\u20ac0,86<\/td>\n<\/tr>\n<tr style=\"border-bottom: 1px solid #333;\">\n<td style=\"padding: 12px;\">100 \u2013 199 pcs<\/td>\n<td style=\"padding: 12px; color: #ff4d4d;\">6% off<\/td>\n<td style=\"padding: 12px;\">\u20ac0,85<\/td>\n<\/tr>\n<tr style=\"border-bottom: 1px solid #333;\">\n<td style=\"padding: 12px;\">200 \u2013 299 pcs<\/td>\n<td style=\"padding: 12px; color: #ff4d4d;\">7% off<\/td>\n<td style=\"padding: 12px;\">\u20ac0,84<\/td>\n<\/tr>\n<tr style=\"border-bottom: 1px solid #333;\">\n<td style=\"padding: 12px;\">300 \u2013 399 pcs<\/td>\n<td style=\"padding: 12px; color: #ff4d4d;\">8% off<\/td>\n<td style=\"padding: 12px;\">\u20ac0,83<\/td>\n<\/tr>\n<tr style=\"border-bottom: 1px solid #333;\">\n<td style=\"padding: 12px;\">400 \u2013 499 pcs<\/td>\n<td style=\"padding: 12px; color: #ff4d4d;\">9% off<\/td>\n<td style=\"padding: 12px;\">\u20ac0,82<\/td>\n<\/tr>\n<tr>\n<td style=\"padding: 12px;\">500+ pcs<\/td>\n<td style=\"padding: 12px; color: #ff4d4d;\">10% off<\/td>\n<td style=\"padding: 12px;\">\u20ac0,81<\/td>\n<\/tr>\n<\/tbody>\n<\/table>\n<\/div>","protected":false},"excerpt":{"rendered":"<p>Uusia<\/p>","protected":false},"featured_media":635,"template":"","meta":[],"product_brand":[],"product_cat":[41,39,25],"product_tag":[],"class_list":{"0":"post-525","1":"product","2":"type-product","3":"status-publish","4":"has-post-thumbnail","6":"product_cat-minidisc","7":"product_cat-minidisc-new","8":"product_cat-new","10":"first","11":"instock","12":"taxable","13":"shipping-taxable","14":"purchasable","15":"product-type-composite"},"yoast_head":"<!-- This site is optimized with the Yoast SEO plugin v27.5 - https:\/\/yoast.com\/product\/yoast-seo-wordpress\/ -->\n<title>Minidisc MD Case - Tape Box<\/title>\n<meta name=\"robots\" content=\"index, follow, max-snippet:-1, max-image-preview:large, max-video-preview:-1\" \/>\n<link rel=\"canonical\" href=\"https:\/\/tapebox.fi\/fi\/tuote\/minidisc-md-case\/\" \/>\n<meta property=\"og:locale\" content=\"fi_FI\" \/>\n<meta property=\"og:type\" content=\"article\" \/>\n<meta property=\"og:title\" content=\"Minidisc MD Case - Tape Box\" \/>\n<meta property=\"og:description\" content=\"New\" \/>\n<meta property=\"og:url\" content=\"https:\/\/tapebox.fi\/fi\/tuote\/minidisc-md-case\/\" \/>\n<meta property=\"og:site_name\" content=\"Tape Box\" \/>\n<meta property=\"article:modified_time\" content=\"2026-01-30T05:22:05+00:00\" \/>\n<meta property=\"og:image\" content=\"https:\/\/tapebox.fi\/wp-content\/uploads\/2025\/12\/IMG20260108091023-scaled.jpg\" \/>\n\t<meta property=\"og:image:width\" content=\"1420\" \/>\n\t<meta property=\"og:image:height\" content=\"1500\" \/>\n\t<meta property=\"og:image:type\" content=\"image\/jpeg\" \/>\n<meta name=\"twitter:card\" content=\"summary_large_image\" \/>\n<meta name=\"twitter:label1\" content=\"Arvioitu lukuaika\" \/>\n\t<meta name=\"twitter:data1\" content=\"1 minuutti\" \/>\n<script type=\"application\/ld+json\" class=\"yoast-schema-graph\">{\"@context\":\"https:\\\/\\\/schema.org\",\"@graph\":[{\"@type\":\"WebPage\",\"@id\":\"https:\\\/\\\/tapebox.fi\\\/product\\\/minidisc-md-case\\\/\",\"url\":\"https:\\\/\\\/tapebox.fi\\\/product\\\/minidisc-md-case\\\/\",\"name\":\"Minidisc MD Case - Tape Box\",\"isPartOf\":{\"@id\":\"https:\\\/\\\/tapebox.fi\\\/#website\"},\"primaryImageOfPage\":{\"@id\":\"https:\\\/\\\/tapebox.fi\\\/product\\\/minidisc-md-case\\\/#primaryimage\"},\"image\":{\"@id\":\"https:\\\/\\\/tapebox.fi\\\/product\\\/minidisc-md-case\\\/#primaryimage\"},\"thumbnailUrl\":\"https:\\\/\\\/tapebox.fi\\\/wp-content\\\/uploads\\\/2025\\\/12\\\/IMG20260108091023-scaled.jpg\",\"datePublished\":\"2025-12-21T14:24:12+00:00\",\"dateModified\":\"2026-01-30T05:22:05+00:00\",\"breadcrumb\":{\"@id\":\"https:\\\/\\\/tapebox.fi\\\/product\\\/minidisc-md-case\\\/#breadcrumb\"},\"inLanguage\":\"fi\",\"potentialAction\":[{\"@type\":\"ReadAction\",\"target\":[\"https:\\\/\\\/tapebox.fi\\\/product\\\/minidisc-md-case\\\/\"]}]},{\"@type\":\"ImageObject\",\"inLanguage\":\"fi\",\"@id\":\"https:\\\/\\\/tapebox.fi\\\/product\\\/minidisc-md-case\\\/#primaryimage\",\"url\":\"https:\\\/\\\/tapebox.fi\\\/wp-content\\\/uploads\\\/2025\\\/12\\\/IMG20260108091023-scaled.jpg\",\"contentUrl\":\"https:\\\/\\\/tapebox.fi\\\/wp-content\\\/uploads\\\/2025\\\/12\\\/IMG20260108091023-scaled.jpg\",\"width\":1420,\"height\":1500},{\"@type\":\"BreadcrumbList\",\"@id\":\"https:\\\/\\\/tapebox.fi\\\/product\\\/minidisc-md-case\\\/#breadcrumb\",\"itemListElement\":[{\"@type\":\"ListItem\",\"position\":1,\"name\":\"Home\",\"item\":\"https:\\\/\\\/tapebox.fi\\\/\"},{\"@type\":\"ListItem\",\"position\":2,\"name\":\"Shop\",\"item\":\"https:\\\/\\\/tapebox.fi\\\/\"},{\"@type\":\"ListItem\",\"position\":3,\"name\":\"Minidisc MD Case\"}]},{\"@type\":\"WebSite\",\"@id\":\"https:\\\/\\\/tapebox.fi\\\/#website\",\"url\":\"https:\\\/\\\/tapebox.fi\\\/\",\"name\":\"Tape Box\",\"description\":\"\",\"potentialAction\":[{\"@type\":\"SearchAction\",\"target\":{\"@type\":\"EntryPoint\",\"urlTemplate\":\"https:\\\/\\\/tapebox.fi\\\/?s={search_term_string}\"},\"query-input\":{\"@type\":\"PropertyValueSpecification\",\"valueRequired\":true,\"valueName\":\"search_term_string\"}}],\"inLanguage\":\"fi\"}]}<\/script>\n<!-- \/ Yoast SEO plugin. -->","yoast_head_json":{"title":"Minidisc MD Case - Tape Box","robots":{"index":"index","follow":"follow","max-snippet":"max-snippet:-1","max-image-preview":"max-image-preview:large","max-video-preview":"max-video-preview:-1"},"canonical":"https:\/\/tapebox.fi\/fi\/tuote\/minidisc-md-case\/","og_locale":"fi_FI","og_type":"article","og_title":"Minidisc MD Case - Tape Box","og_description":"New","og_url":"https:\/\/tapebox.fi\/fi\/tuote\/minidisc-md-case\/","og_site_name":"Tape Box","article_modified_time":"2026-01-30T05:22:05+00:00","og_image":[{"width":1420,"height":1500,"url":"https:\/\/tapebox.fi\/wp-content\/uploads\/2025\/12\/IMG20260108091023-scaled.jpg","type":"image\/jpeg"}],"twitter_card":"summary_large_image","twitter_misc":{"Arvioitu lukuaika":"1 minuutti"},"schema":{"@context":"https:\/\/schema.org","@graph":[{"@type":"WebPage","@id":"https:\/\/tapebox.fi\/product\/minidisc-md-case\/","url":"https:\/\/tapebox.fi\/product\/minidisc-md-case\/","name":"Minidisc MD Case - Tape Box","isPartOf":{"@id":"https:\/\/tapebox.fi\/#website"},"primaryImageOfPage":{"@id":"https:\/\/tapebox.fi\/product\/minidisc-md-case\/#primaryimage"},"image":{"@id":"https:\/\/tapebox.fi\/product\/minidisc-md-case\/#primaryimage"},"thumbnailUrl":"https:\/\/tapebox.fi\/wp-content\/uploads\/2025\/12\/IMG20260108091023-scaled.jpg","datePublished":"2025-12-21T14:24:12+00:00","dateModified":"2026-01-30T05:22:05+00:00","breadcrumb":{"@id":"https:\/\/tapebox.fi\/product\/minidisc-md-case\/#breadcrumb"},"inLanguage":"fi","potentialAction":[{"@type":"ReadAction","target":["https:\/\/tapebox.fi\/product\/minidisc-md-case\/"]}]},{"@type":"ImageObject","inLanguage":"fi","@id":"https:\/\/tapebox.fi\/product\/minidisc-md-case\/#primaryimage","url":"https:\/\/tapebox.fi\/wp-content\/uploads\/2025\/12\/IMG20260108091023-scaled.jpg","contentUrl":"https:\/\/tapebox.fi\/wp-content\/uploads\/2025\/12\/IMG20260108091023-scaled.jpg","width":1420,"height":1500},{"@type":"BreadcrumbList","@id":"https:\/\/tapebox.fi\/product\/minidisc-md-case\/#breadcrumb","itemListElement":[{"@type":"ListItem","position":1,"name":"Home","item":"https:\/\/tapebox.fi\/"},{"@type":"ListItem","position":2,"name":"Shop","item":"https:\/\/tapebox.fi\/"},{"@type":"ListItem","position":3,"name":"Minidisc MD Case"}]},{"@type":"WebSite","@id":"https:\/\/tapebox.fi\/#website","url":"https:\/\/tapebox.fi\/","name":"Tape Box","description":"","potentialAction":[{"@type":"SearchAction","target":{"@type":"EntryPoint","urlTemplate":"https:\/\/tapebox.fi\/?s={search_term_string}"},"query-input":{"@type":"PropertyValueSpecification","valueRequired":true,"valueName":"search_term_string"}}],"inLanguage":"fi"}]}},"jetpack_sharing_enabled":true,"_links":{"self":[{"href":"https:\/\/tapebox.fi\/fi\/wp-json\/wp\/v2\/product\/525","targetHints":{"allow":["GET"]}}],"collection":[{"href":"https:\/\/tapebox.fi\/fi\/wp-json\/wp\/v2\/product"}],"about":[{"href":"https:\/\/tapebox.fi\/fi\/wp-json\/wp\/v2\/types\/product"}],"wp:featuredmedia":[{"embeddable":true,"href":"https:\/\/tapebox.fi\/fi\/wp-json\/wp\/v2\/media\/635"}],"wp:attachment":[{"href":"https:\/\/tapebox.fi\/fi\/wp-json\/wp\/v2\/media?parent=525"}],"wp:term":[{"taxonomy":"product_brand","embeddable":true,"href":"https:\/\/tapebox.fi\/fi\/wp-json\/wp\/v2\/product_brand?post=525"},{"taxonomy":"product_cat","embeddable":true,"href":"https:\/\/tapebox.fi\/fi\/wp-json\/wp\/v2\/product_cat?post=525"},{"taxonomy":"product_tag","embeddable":true,"href":"https:\/\/tapebox.fi\/fi\/wp-json\/wp\/v2\/product_tag?post=525"}],"curies":[{"name":"wp","href":"https:\/\/api.w.org\/{rel}","templated":true}]}}