{"id":499,"date":"2025-11-03T18:40:38","date_gmt":"2025-11-03T18:40:38","guid":{"rendered":"https:\/\/96669666.xyz\/?post_type=product&#038;p=499"},"modified":"2026-05-01T16:54:39","modified_gmt":"2026-05-01T16:54:39","slug":"custom-length-blank-cassettes","status":"publish","type":"product","link":"https:\/\/tapebox.fi\/fi\/tuote\/custom-length-blank-cassettes\/","title":{"rendered":"Tyhj\u00e4 kasetti omavalintaisella pituudella"},"content":{"rendered":"<p><!DOCTYPE html><br \/>\n<html lang=\"en\"><br \/>\n<head><br \/>\n    <meta charset=\"UTF-8\"><br \/>\n    <meta name=\"viewport\" content=\"width=device-width, initial-scale=1.0\"><br \/>\n    <title>Cassette Tape Length Chart (C1-C100)<\/title><\/p>\n<style>\n        body { font-family: sans-serif; line-height: 1.6; padding: 20px; background-color: #f4f4f9; }\n        table { width: 100%; max-width: 600px; border-collapse: collapse; margin: 0 auto; background: white; box-shadow: 0 2px 5px rgba(0,0,0,0.1); }\n        th, td { padding: 12px; text-align: left; border-bottom: 1px solid #ddd; }\n        th { background-color: #333; color: white; }\n        tr:nth-child(even) { background-color: #f9f9f9; }\n        tr:hover { background-color: #f1f1f1; }\n        .side-calc { color: #666; font-style: italic; }\n    <\/style>\n<p><\/head><br \/>\n<body><\/p>\n<h2 style=\"text-align: center;\">C-kasettien pituustaulukko (C-1 \u2013 C-100)<\/h2>\n<table>\n<thead>\n<tr>\n<th>Kasettityyppi<\/th>\n<th>Kokonaisaika<\/th>\n<th>Aika per puoli<\/th>\n<\/tr>\n<\/thead>\n<tbody id=\"tape-list\">\n        <\/tbody>\n<\/table>\n<p>    <script>\n        const tbody = document.getElementById('tape-list');\n        for (let i = 1; i <= 100; i++) {\n            let row = document.createElement('tr');\n            let perSide = (i \/ 2).toFixed(1);\n\n            row.innerHTML = `\n                \n\n<td>C-${i}<\/td>\n<td>${i} minutes<\/td>\n<td class=\"side-calc\">${perSide} minutes per side<\/td>\n<p>            `;\n            tbody.appendChild(row);\n        }\n    <\/script><\/p>\n<p><\/body><br \/>\n<\/html><\/p>\n<div class=\"quantity-discounts-container\">\n<h3 style=\"color: #d1d1d1;\">\u25bc M\u00e4\u00e4r\u00e4alennukset<\/h3>\n<table style=\"width: 100%; border-collapse: collapse; background-color: #1a1a1a; color: #d1d1d1; font-family: sans-serif;\">\n<thead>\n<tr style=\"border-bottom: 1px solid #333; text-align: left;\">\n<th style=\"padding: 12px;\">M\u00e4\u00e4r\u00e4<\/th>\n<th style=\"padding: 12px;\">Alennus<\/th>\n<\/tr>\n<\/thead>\n<tbody>\n<tr style=\"border-bottom: 1px solid #333;\">\n<td style=\"padding: 12px;\">1 \u2013 49 pcs<\/td>\n<td style=\"padding: 12px;\">\u2014<\/td>\n<\/tr>\n<tr style=\"border-bottom: 1px solid #333;\">\n<td style=\"padding: 12px;\">50 \u2013 99 pcs<\/td>\n<td style=\"padding: 12px; color: #ff4d4d;\">5% off<\/td>\n<\/tr>\n<tr style=\"border-bottom: 1px solid #333;\">\n<td style=\"padding: 12px;\">100 \u2013 199 pcs<\/td>\n<td style=\"padding: 12px; color: #ff4d4d;\">6% off<\/td>\n<\/tr>\n<tr style=\"border-bottom: 1px solid #333;\">\n<td style=\"padding: 12px;\">200 \u2013 299 pcs<\/td>\n<td style=\"padding: 12px; color: #ff4d4d;\">7% off<\/td>\n<\/tr>\n<tr style=\"border-bottom: 1px solid #333;\">\n<td style=\"padding: 12px;\">300 \u2013 399 pcs<\/td>\n<td style=\"padding: 12px; color: #ff4d4d;\">8% off<\/td>\n<\/tr>\n<tr style=\"border-bottom: 1px solid #333;\">\n<td style=\"padding: 12px;\">400 \u2013 499 pcs<\/td>\n<td style=\"padding: 12px; color: #ff4d4d;\">9% off<\/td>\n<\/tr>\n<tr>\n<td style=\"padding: 12px;\">500+ pcs<\/td>\n<td style=\"padding: 12px; color: #ff4d4d;\">10% off<\/td>\n<\/tr>\n<\/tbody>\n<\/table>\n<\/div>","protected":false},"excerpt":{"rendered":"<p>BASF type 1<\/p>","protected":false},"featured_media":633,"template":"","meta":[],"product_brand":[],"product_cat":[28,37,25,30,42],"product_tag":[],"class_list":{"0":"post-499","1":"product","2":"type-product","3":"status-publish","4":"has-post-thumbnail","6":"product_cat-cassette","7":"product_cat-cassette-new","8":"product_cat-new","9":"product_cat-type-1","10":"product_cat-type-1-new","12":"first","13":"instock","14":"featured","15":"taxable","16":"shipping-taxable","17":"purchasable","18":"product-type-composite"},"yoast_head":"<!-- This site is optimized with the Yoast SEO plugin v27.5 - https:\/\/yoast.com\/product\/yoast-seo-wordpress\/ -->\n<title>Custom length blank cassettes - Tape Box<\/title>\n<meta name=\"description\" content=\"Tyhj\u00e4 kasetti omavalintaisella pituudella. Custom length blank cassettes. c-60 c-90 cassette duplication empty cassette europe eu cass duplication selling kasetit kasetteja\" \/>\n<meta name=\"robots\" content=\"index, follow, max-snippet:-1, max-image-preview:large, max-video-preview:-1\" \/>\n<link rel=\"canonical\" href=\"https:\/\/tapebox.fi\/fi\/tuote\/custom-length-blank-cassettes\/\" \/>\n<meta property=\"og:locale\" content=\"fi_FI\" \/>\n<meta property=\"og:type\" content=\"article\" \/>\n<meta property=\"og:title\" content=\"Custom length blank cassettes - Tape Box\" \/>\n<meta property=\"og:description\" content=\"Tyhj\u00e4 kasetti omavalintaisella pituudella. Custom length blank cassettes. c-60 c-90 cassette duplication empty cassette europe eu cass duplication selling kasetit kasetteja\" \/>\n<meta property=\"og:url\" content=\"https:\/\/tapebox.fi\/fi\/tuote\/custom-length-blank-cassettes\/\" \/>\n<meta property=\"og:site_name\" content=\"Tape Box\" \/>\n<meta property=\"article:modified_time\" content=\"2026-05-01T16:54:39+00:00\" \/>\n<meta property=\"og:image\" content=\"https:\/\/tapebox.fi\/wp-content\/uploads\/2025\/11\/IMG20260108090749.jpg\" \/>\n\t<meta property=\"og:image:width\" content=\"1500\" \/>\n\t<meta property=\"og:image:height\" content=\"1128\" \/>\n\t<meta property=\"og:image:type\" content=\"image\/jpeg\" \/>\n<meta name=\"twitter:card\" content=\"summary_large_image\" \/>\n<meta name=\"twitter:label1\" content=\"Arvioitu lukuaika\" \/>\n\t<meta name=\"twitter:data1\" content=\"1 minuutti\" \/>\n<script type=\"application\/ld+json\" class=\"yoast-schema-graph\">{\"@context\":\"https:\\\/\\\/schema.org\",\"@graph\":[{\"@type\":\"WebPage\",\"@id\":\"https:\\\/\\\/tapebox.fi\\\/product\\\/custom-length-blank-cassettes\\\/\",\"url\":\"https:\\\/\\\/tapebox.fi\\\/product\\\/custom-length-blank-cassettes\\\/\",\"name\":\"Custom length blank cassettes - Tape Box\",\"isPartOf\":{\"@id\":\"https:\\\/\\\/tapebox.fi\\\/#website\"},\"primaryImageOfPage\":{\"@id\":\"https:\\\/\\\/tapebox.fi\\\/product\\\/custom-length-blank-cassettes\\\/#primaryimage\"},\"image\":{\"@id\":\"https:\\\/\\\/tapebox.fi\\\/product\\\/custom-length-blank-cassettes\\\/#primaryimage\"},\"thumbnailUrl\":\"https:\\\/\\\/tapebox.fi\\\/wp-content\\\/uploads\\\/2025\\\/11\\\/IMG20260108090749.jpg\",\"datePublished\":\"2025-11-03T18:40:38+00:00\",\"dateModified\":\"2026-05-01T16:54:39+00:00\",\"description\":\"Tyhj\u00e4 kasetti omavalintaisella pituudella. Custom length blank cassettes. c-60 c-90 cassette duplication empty cassette europe eu cass duplication selling kasetit kasetteja\",\"breadcrumb\":{\"@id\":\"https:\\\/\\\/tapebox.fi\\\/product\\\/custom-length-blank-cassettes\\\/#breadcrumb\"},\"inLanguage\":\"fi\",\"potentialAction\":[{\"@type\":\"ReadAction\",\"target\":[\"https:\\\/\\\/tapebox.fi\\\/product\\\/custom-length-blank-cassettes\\\/\"]}]},{\"@type\":\"ImageObject\",\"inLanguage\":\"fi\",\"@id\":\"https:\\\/\\\/tapebox.fi\\\/product\\\/custom-length-blank-cassettes\\\/#primaryimage\",\"url\":\"https:\\\/\\\/tapebox.fi\\\/wp-content\\\/uploads\\\/2025\\\/11\\\/IMG20260108090749.jpg\",\"contentUrl\":\"https:\\\/\\\/tapebox.fi\\\/wp-content\\\/uploads\\\/2025\\\/11\\\/IMG20260108090749.jpg\",\"width\":1500,\"height\":1128},{\"@type\":\"BreadcrumbList\",\"@id\":\"https:\\\/\\\/tapebox.fi\\\/product\\\/custom-length-blank-cassettes\\\/#breadcrumb\",\"itemListElement\":[{\"@type\":\"ListItem\",\"position\":1,\"name\":\"Home\",\"item\":\"https:\\\/\\\/tapebox.fi\\\/\"},{\"@type\":\"ListItem\",\"position\":2,\"name\":\"Shop\",\"item\":\"https:\\\/\\\/tapebox.fi\\\/\"},{\"@type\":\"ListItem\",\"position\":3,\"name\":\"Custom length blank cassettes\"}]},{\"@type\":\"WebSite\",\"@id\":\"https:\\\/\\\/tapebox.fi\\\/#website\",\"url\":\"https:\\\/\\\/tapebox.fi\\\/\",\"name\":\"Tape Box\",\"description\":\"\",\"potentialAction\":[{\"@type\":\"SearchAction\",\"target\":{\"@type\":\"EntryPoint\",\"urlTemplate\":\"https:\\\/\\\/tapebox.fi\\\/?s={search_term_string}\"},\"query-input\":{\"@type\":\"PropertyValueSpecification\",\"valueRequired\":true,\"valueName\":\"search_term_string\"}}],\"inLanguage\":\"fi\"}]}<\/script>\n<!-- \/ Yoast SEO plugin. -->","yoast_head_json":{"title":"Custom length blank cassettes - Tape Box","description":"Tyhj\u00e4 kasetti omavalintaisella pituudella. Custom length blank cassettes. c-60 c-90 cassette duplication empty cassette europe eu cass duplication selling kasetit kasetteja","robots":{"index":"index","follow":"follow","max-snippet":"max-snippet:-1","max-image-preview":"max-image-preview:large","max-video-preview":"max-video-preview:-1"},"canonical":"https:\/\/tapebox.fi\/fi\/tuote\/custom-length-blank-cassettes\/","og_locale":"fi_FI","og_type":"article","og_title":"Custom length blank cassettes - Tape Box","og_description":"Tyhj\u00e4 kasetti omavalintaisella pituudella. Custom length blank cassettes. c-60 c-90 cassette duplication empty cassette europe eu cass duplication selling kasetit kasetteja","og_url":"https:\/\/tapebox.fi\/fi\/tuote\/custom-length-blank-cassettes\/","og_site_name":"Tape Box","article_modified_time":"2026-05-01T16:54:39+00:00","og_image":[{"width":1500,"height":1128,"url":"https:\/\/tapebox.fi\/wp-content\/uploads\/2025\/11\/IMG20260108090749.jpg","type":"image\/jpeg"}],"twitter_card":"summary_large_image","twitter_misc":{"Arvioitu lukuaika":"1 minuutti"},"schema":{"@context":"https:\/\/schema.org","@graph":[{"@type":"WebPage","@id":"https:\/\/tapebox.fi\/product\/custom-length-blank-cassettes\/","url":"https:\/\/tapebox.fi\/product\/custom-length-blank-cassettes\/","name":"Custom length blank cassettes - Tape Box","isPartOf":{"@id":"https:\/\/tapebox.fi\/#website"},"primaryImageOfPage":{"@id":"https:\/\/tapebox.fi\/product\/custom-length-blank-cassettes\/#primaryimage"},"image":{"@id":"https:\/\/tapebox.fi\/product\/custom-length-blank-cassettes\/#primaryimage"},"thumbnailUrl":"https:\/\/tapebox.fi\/wp-content\/uploads\/2025\/11\/IMG20260108090749.jpg","datePublished":"2025-11-03T18:40:38+00:00","dateModified":"2026-05-01T16:54:39+00:00","description":"Tyhj\u00e4 kasetti omavalintaisella pituudella. Custom length blank cassettes. c-60 c-90 cassette duplication empty cassette europe eu cass duplication selling kasetit kasetteja","breadcrumb":{"@id":"https:\/\/tapebox.fi\/product\/custom-length-blank-cassettes\/#breadcrumb"},"inLanguage":"fi","potentialAction":[{"@type":"ReadAction","target":["https:\/\/tapebox.fi\/product\/custom-length-blank-cassettes\/"]}]},{"@type":"ImageObject","inLanguage":"fi","@id":"https:\/\/tapebox.fi\/product\/custom-length-blank-cassettes\/#primaryimage","url":"https:\/\/tapebox.fi\/wp-content\/uploads\/2025\/11\/IMG20260108090749.jpg","contentUrl":"https:\/\/tapebox.fi\/wp-content\/uploads\/2025\/11\/IMG20260108090749.jpg","width":1500,"height":1128},{"@type":"BreadcrumbList","@id":"https:\/\/tapebox.fi\/product\/custom-length-blank-cassettes\/#breadcrumb","itemListElement":[{"@type":"ListItem","position":1,"name":"Home","item":"https:\/\/tapebox.fi\/"},{"@type":"ListItem","position":2,"name":"Shop","item":"https:\/\/tapebox.fi\/"},{"@type":"ListItem","position":3,"name":"Custom length blank cassettes"}]},{"@type":"WebSite","@id":"https:\/\/tapebox.fi\/#website","url":"https:\/\/tapebox.fi\/","name":"Tape Box","description":"","potentialAction":[{"@type":"SearchAction","target":{"@type":"EntryPoint","urlTemplate":"https:\/\/tapebox.fi\/?s={search_term_string}"},"query-input":{"@type":"PropertyValueSpecification","valueRequired":true,"valueName":"search_term_string"}}],"inLanguage":"fi"}]}},"jetpack_sharing_enabled":true,"_links":{"self":[{"href":"https:\/\/tapebox.fi\/fi\/wp-json\/wp\/v2\/product\/499","targetHints":{"allow":["GET"]}}],"collection":[{"href":"https:\/\/tapebox.fi\/fi\/wp-json\/wp\/v2\/product"}],"about":[{"href":"https:\/\/tapebox.fi\/fi\/wp-json\/wp\/v2\/types\/product"}],"wp:featuredmedia":[{"embeddable":true,"href":"https:\/\/tapebox.fi\/fi\/wp-json\/wp\/v2\/media\/633"}],"wp:attachment":[{"href":"https:\/\/tapebox.fi\/fi\/wp-json\/wp\/v2\/media?parent=499"}],"wp:term":[{"taxonomy":"product_brand","embeddable":true,"href":"https:\/\/tapebox.fi\/fi\/wp-json\/wp\/v2\/product_brand?post=499"},{"taxonomy":"product_cat","embeddable":true,"href":"https:\/\/tapebox.fi\/fi\/wp-json\/wp\/v2\/product_cat?post=499"},{"taxonomy":"product_tag","embeddable":true,"href":"https:\/\/tapebox.fi\/fi\/wp-json\/wp\/v2\/product_tag?post=499"}],"curies":[{"name":"wp","href":"https:\/\/api.w.org\/{rel}","templated":true}]}}