{"id":455,"date":"2025-11-03T11:31:59","date_gmt":"2025-11-03T11:31:59","guid":{"rendered":"https:\/\/96669666.xyz\/?post_type=product&#038;p=455"},"modified":"2026-04-05T17:43:27","modified_gmt":"2026-04-05T17:43:27","slug":"audio-cassette-duplication","status":"publish","type":"product","link":"https:\/\/tapebox.fi\/fi\/tuote\/audio-cassette-duplication\/","title":{"rendered":"Kasettien Monistus"},"content":{"rendered":"<p><a href=\"https:\/\/tapebox.fi\/fi\/cassette-templates\/\" target=\"_blank\">KANSIPAPERI- JA ETIKETTIMALLIPOHJAT<\/a><\/p>\n<p>On suositeltua, ett\u00e4 \u00e4\u00e4nitiedostot toimitetaan h\u00e4vi\u00f6tt\u00f6m\u00e4ss\u00e4 muodossa. (WAV (suositeltua), FLAC, ja AIFF jne.)<\/p>\n<p>\u00c4\u00e4nen tulee olla toimitettu kasetin puolien mukaisesti:<br \/>\nYksi tiedosto per puoli<br \/>\nA.wav (puoli A)<br \/>\nB.wav (puoli B)<\/p>\n<p>Kysymyksi\u00e4? <a href=\"https:\/\/tapebox.fi\/fi\/contact-us-info\/\" target=\"_blank\">Ota yhteytt\u00e4<\/a><\/p>\n<p>Toimitusaika: noin 1\u20132 viikkoa<\/p>\n<p><\/body><br \/>\n<\/html><\/p>\n<div class=\"quantity-discounts-container\">\n<h3 style=\"color: #d1d1d1;\">\u25bc M\u00e4\u00e4r\u00e4alennukset<\/h3>\n<table style=\"width: 100%; border-collapse: collapse; background-color: #1a1a1a; color: #d1d1d1; font-family: sans-serif;\">\n<thead>\n<tr style=\"border-bottom: 1px solid #333; text-align: left;\">\n<th style=\"padding: 12px;\">M\u00e4\u00e4r\u00e4<\/th>\n<th style=\"padding: 12px;\">Alennus<\/th>\n<\/tr>\n<\/thead>\n<tbody>\n<tr style=\"border-bottom: 1px solid #333;\">\n<td style=\"padding: 12px;\">1 \u2013 49 pcs<\/td>\n<td style=\"padding: 12px;\">\u2014<\/td>\n<\/tr>\n<tr style=\"border-bottom: 1px solid #333;\">\n<td style=\"padding: 12px;\">50 \u2013 99 pcs<\/td>\n<td style=\"padding: 12px; color: #ff4d4d;\">5% off<\/td>\n<\/tr>\n<tr style=\"border-bottom: 1px solid #333;\">\n<td style=\"padding: 12px;\">100 \u2013 199 pcs<\/td>\n<td style=\"padding: 12px; color: #ff4d4d;\">6% off<\/td>\n<\/tr>\n<tr style=\"border-bottom: 1px solid #333;\">\n<td style=\"padding: 12px;\">200 \u2013 299 pcs<\/td>\n<td style=\"padding: 12px; color: #ff4d4d;\">7% off<\/td>\n<\/tr>\n<tr style=\"border-bottom: 1px solid #333;\">\n<td style=\"padding: 12px;\">300 \u2013 399 pcs<\/td>\n<td style=\"padding: 12px; color: #ff4d4d;\">8% off<\/td>\n<\/tr>\n<tr style=\"border-bottom: 1px solid #333;\">\n<td style=\"padding: 12px;\">400 \u2013 499 pcs<\/td>\n<td style=\"padding: 12px; color: #ff4d4d;\">9% off<\/td>\n<\/tr>\n<tr>\n<td style=\"padding: 12px;\">500+ pcs<\/td>\n<td style=\"padding: 12px; color: #ff4d4d;\">10% off<\/td>\n<\/tr>\n<\/tbody>\n<\/table>\n<\/div>","protected":false},"excerpt":{"rendered":"<p>Minimitilaus: 10 kpl<br \/>\nType I ferric<\/p>","protected":false},"featured_media":1612,"template":"","meta":[],"product_brand":[],"product_cat":[28,37,27,25,30,42],"product_tag":[],"class_list":{"0":"post-455","1":"product","2":"type-product","3":"status-publish","4":"has-post-thumbnail","6":"product_cat-cassette","7":"product_cat-cassette-new","8":"product_cat-duplication","9":"product_cat-new","10":"product_cat-type-1","11":"product_cat-type-1-new","13":"first","14":"instock","15":"taxable","16":"shipping-taxable","17":"purchasable","18":"product-type-composite"},"yoast_head":"<!-- This site is optimized with the Yoast SEO plugin v27.3 - https:\/\/yoast.com\/product\/yoast-seo-wordpress\/ -->\n<title>Audio Cassette Duplication - Tape Box<\/title>\n<meta name=\"description\" content=\"Tarjoamme kasettien monistusta (duplikaatiota) kansien ja etikettitarran kanssa. Valmistamme my\u00f6s tyhji\u00e4 kasetteja Suomessa \u2013 nopeaa, luotettavaa ja paikallista palvelua musiikin, \u00e4\u00e4nitteiden ja arkistointitarpeiden tarpeisiin.kasettien monistus, kasettien duplikaatio, etikettitarra, kasettikansiot, tyhj\u00e4t kasetit, valmistus SuomessaWe offer high-quality cassette duplication with covers and label stickers included. We also manufacture blank cassettes in Finland \u2013 fast, reliable, and local service for music, audio recordings, and archival needs.cassette duplication, cassette production, label stickers, cassette covers, blank cassettes, made in Finland\" \/>\n<meta name=\"robots\" content=\"index, follow, max-snippet:-1, max-image-preview:large, max-video-preview:-1\" \/>\n<link rel=\"canonical\" href=\"https:\/\/tapebox.fi\/fi\/tuote\/audio-cassette-duplication\/\" \/>\n<meta property=\"og:locale\" content=\"fi_FI\" \/>\n<meta property=\"og:type\" content=\"article\" \/>\n<meta property=\"og:title\" content=\"Audio Cassette Duplication - Tape Box\" \/>\n<meta property=\"og:description\" content=\"Tarjoamme kasettien monistusta (duplikaatiota) kansien ja etikettitarran kanssa. Valmistamme my\u00f6s tyhji\u00e4 kasetteja Suomessa \u2013 nopeaa, luotettavaa ja paikallista palvelua musiikin, \u00e4\u00e4nitteiden ja arkistointitarpeiden tarpeisiin.kasettien monistus, kasettien duplikaatio, etikettitarra, kasettikansiot, tyhj\u00e4t kasetit, valmistus SuomessaWe offer high-quality cassette duplication with covers and label stickers included. We also manufacture blank cassettes in Finland \u2013 fast, reliable, and local service for music, audio recordings, and archival needs.cassette duplication, cassette production, label stickers, cassette covers, blank cassettes, made in Finland\" \/>\n<meta property=\"og:url\" content=\"https:\/\/tapebox.fi\/fi\/tuote\/audio-cassette-duplication\/\" \/>\n<meta property=\"og:site_name\" content=\"Tape Box\" \/>\n<meta property=\"article:modified_time\" content=\"2026-04-05T17:43:27+00:00\" \/>\n<meta property=\"og:image\" content=\"https:\/\/tapebox.fi\/wp-content\/uploads\/2025\/11\/IMG_20260405_171345.jpg\" \/>\n\t<meta property=\"og:image:width\" content=\"1500\" \/>\n\t<meta property=\"og:image:height\" content=\"1286\" \/>\n\t<meta property=\"og:image:type\" content=\"image\/jpeg\" \/>\n<meta name=\"twitter:card\" content=\"summary_large_image\" \/>\n<meta name=\"twitter:label1\" content=\"Arvioitu lukuaika\" \/>\n\t<meta name=\"twitter:data1\" content=\"1 minuutti\" \/>\n<script type=\"application\/ld+json\" class=\"yoast-schema-graph\">{\"@context\":\"https:\\\/\\\/schema.org\",\"@graph\":[{\"@type\":\"WebPage\",\"@id\":\"https:\\\/\\\/tapebox.fi\\\/product\\\/audio-cassette-duplication\\\/\",\"url\":\"https:\\\/\\\/tapebox.fi\\\/product\\\/audio-cassette-duplication\\\/\",\"name\":\"Audio Cassette Duplication - Tape Box\",\"isPartOf\":{\"@id\":\"https:\\\/\\\/tapebox.fi\\\/#website\"},\"primaryImageOfPage\":{\"@id\":\"https:\\\/\\\/tapebox.fi\\\/product\\\/audio-cassette-duplication\\\/#primaryimage\"},\"image\":{\"@id\":\"https:\\\/\\\/tapebox.fi\\\/product\\\/audio-cassette-duplication\\\/#primaryimage\"},\"thumbnailUrl\":\"https:\\\/\\\/tapebox.fi\\\/wp-content\\\/uploads\\\/2025\\\/11\\\/IMG_20260405_171345.jpg\",\"datePublished\":\"2025-11-03T11:31:59+00:00\",\"dateModified\":\"2026-04-05T17:43:27+00:00\",\"description\":\"Tarjoamme kasettien monistusta (duplikaatiota) kansien ja etikettitarran kanssa. Valmistamme my\u00f6s tyhji\u00e4 kasetteja Suomessa \u2013 nopeaa, luotettavaa ja paikallista palvelua musiikin, \u00e4\u00e4nitteiden ja arkistointitarpeiden tarpeisiin.kasettien monistus, kasettien duplikaatio, etikettitarra, kasettikansiot, tyhj\u00e4t kasetit, valmistus SuomessaWe offer high-quality cassette duplication with covers and label stickers included. We also manufacture blank cassettes in Finland \u2013 fast, reliable, and local service for music, audio recordings, and archival needs.cassette duplication, cassette production, label stickers, cassette covers, blank cassettes, made in Finland\",\"breadcrumb\":{\"@id\":\"https:\\\/\\\/tapebox.fi\\\/product\\\/audio-cassette-duplication\\\/#breadcrumb\"},\"inLanguage\":\"fi\",\"potentialAction\":[{\"@type\":\"ReadAction\",\"target\":[\"https:\\\/\\\/tapebox.fi\\\/product\\\/audio-cassette-duplication\\\/\"]}]},{\"@type\":\"ImageObject\",\"inLanguage\":\"fi\",\"@id\":\"https:\\\/\\\/tapebox.fi\\\/product\\\/audio-cassette-duplication\\\/#primaryimage\",\"url\":\"https:\\\/\\\/tapebox.fi\\\/wp-content\\\/uploads\\\/2025\\\/11\\\/IMG_20260405_171345.jpg\",\"contentUrl\":\"https:\\\/\\\/tapebox.fi\\\/wp-content\\\/uploads\\\/2025\\\/11\\\/IMG_20260405_171345.jpg\",\"width\":1500,\"height\":1286},{\"@type\":\"BreadcrumbList\",\"@id\":\"https:\\\/\\\/tapebox.fi\\\/product\\\/audio-cassette-duplication\\\/#breadcrumb\",\"itemListElement\":[{\"@type\":\"ListItem\",\"position\":1,\"name\":\"Home\",\"item\":\"https:\\\/\\\/tapebox.fi\\\/\"},{\"@type\":\"ListItem\",\"position\":2,\"name\":\"Shop\",\"item\":\"https:\\\/\\\/tapebox.fi\\\/\"},{\"@type\":\"ListItem\",\"position\":3,\"name\":\"Audio Cassette Duplication\"}]},{\"@type\":\"WebSite\",\"@id\":\"https:\\\/\\\/tapebox.fi\\\/#website\",\"url\":\"https:\\\/\\\/tapebox.fi\\\/\",\"name\":\"Tape Box\",\"description\":\"\",\"potentialAction\":[{\"@type\":\"SearchAction\",\"target\":{\"@type\":\"EntryPoint\",\"urlTemplate\":\"https:\\\/\\\/tapebox.fi\\\/?s={search_term_string}\"},\"query-input\":{\"@type\":\"PropertyValueSpecification\",\"valueRequired\":true,\"valueName\":\"search_term_string\"}}],\"inLanguage\":\"fi\"}]}<\/script>\n<!-- \/ Yoast SEO plugin. -->","yoast_head_json":{"title":"Audio Cassette Duplication - Tape Box","description":"Tarjoamme kasettien monistusta (duplikaatiota) kansien ja etikettitarran kanssa. Valmistamme my\u00f6s tyhji\u00e4 kasetteja Suomessa \u2013 nopeaa, luotettavaa ja paikallista palvelua musiikin, \u00e4\u00e4nitteiden ja arkistointitarpeiden tarpeisiin.kasettien monistus, kasettien duplikaatio, etikettitarra, kasettikansiot, tyhj\u00e4t kasetit, valmistus SuomessaWe offer high-quality cassette duplication with covers and label stickers included. We also manufacture blank cassettes in Finland \u2013 fast, reliable, and local service for music, audio recordings, and archival needs.cassette duplication, cassette production, label stickers, cassette covers, blank cassettes, made in Finland","robots":{"index":"index","follow":"follow","max-snippet":"max-snippet:-1","max-image-preview":"max-image-preview:large","max-video-preview":"max-video-preview:-1"},"canonical":"https:\/\/tapebox.fi\/fi\/tuote\/audio-cassette-duplication\/","og_locale":"fi_FI","og_type":"article","og_title":"Audio Cassette Duplication - Tape Box","og_description":"Tarjoamme kasettien monistusta (duplikaatiota) kansien ja etikettitarran kanssa. Valmistamme my\u00f6s tyhji\u00e4 kasetteja Suomessa \u2013 nopeaa, luotettavaa ja paikallista palvelua musiikin, \u00e4\u00e4nitteiden ja arkistointitarpeiden tarpeisiin.kasettien monistus, kasettien duplikaatio, etikettitarra, kasettikansiot, tyhj\u00e4t kasetit, valmistus SuomessaWe offer high-quality cassette duplication with covers and label stickers included. We also manufacture blank cassettes in Finland \u2013 fast, reliable, and local service for music, audio recordings, and archival needs.cassette duplication, cassette production, label stickers, cassette covers, blank cassettes, made in Finland","og_url":"https:\/\/tapebox.fi\/fi\/tuote\/audio-cassette-duplication\/","og_site_name":"Tape Box","article_modified_time":"2026-04-05T17:43:27+00:00","og_image":[{"width":1500,"height":1286,"url":"https:\/\/tapebox.fi\/wp-content\/uploads\/2025\/11\/IMG_20260405_171345.jpg","type":"image\/jpeg"}],"twitter_card":"summary_large_image","twitter_misc":{"Arvioitu lukuaika":"1 minuutti"},"schema":{"@context":"https:\/\/schema.org","@graph":[{"@type":"WebPage","@id":"https:\/\/tapebox.fi\/product\/audio-cassette-duplication\/","url":"https:\/\/tapebox.fi\/product\/audio-cassette-duplication\/","name":"Audio Cassette Duplication - Tape Box","isPartOf":{"@id":"https:\/\/tapebox.fi\/#website"},"primaryImageOfPage":{"@id":"https:\/\/tapebox.fi\/product\/audio-cassette-duplication\/#primaryimage"},"image":{"@id":"https:\/\/tapebox.fi\/product\/audio-cassette-duplication\/#primaryimage"},"thumbnailUrl":"https:\/\/tapebox.fi\/wp-content\/uploads\/2025\/11\/IMG_20260405_171345.jpg","datePublished":"2025-11-03T11:31:59+00:00","dateModified":"2026-04-05T17:43:27+00:00","description":"Tarjoamme kasettien monistusta (duplikaatiota) kansien ja etikettitarran kanssa. Valmistamme my\u00f6s tyhji\u00e4 kasetteja Suomessa \u2013 nopeaa, luotettavaa ja paikallista palvelua musiikin, \u00e4\u00e4nitteiden ja arkistointitarpeiden tarpeisiin.kasettien monistus, kasettien duplikaatio, etikettitarra, kasettikansiot, tyhj\u00e4t kasetit, valmistus SuomessaWe offer high-quality cassette duplication with covers and label stickers included. We also manufacture blank cassettes in Finland \u2013 fast, reliable, and local service for music, audio recordings, and archival needs.cassette duplication, cassette production, label stickers, cassette covers, blank cassettes, made in Finland","breadcrumb":{"@id":"https:\/\/tapebox.fi\/product\/audio-cassette-duplication\/#breadcrumb"},"inLanguage":"fi","potentialAction":[{"@type":"ReadAction","target":["https:\/\/tapebox.fi\/product\/audio-cassette-duplication\/"]}]},{"@type":"ImageObject","inLanguage":"fi","@id":"https:\/\/tapebox.fi\/product\/audio-cassette-duplication\/#primaryimage","url":"https:\/\/tapebox.fi\/wp-content\/uploads\/2025\/11\/IMG_20260405_171345.jpg","contentUrl":"https:\/\/tapebox.fi\/wp-content\/uploads\/2025\/11\/IMG_20260405_171345.jpg","width":1500,"height":1286},{"@type":"BreadcrumbList","@id":"https:\/\/tapebox.fi\/product\/audio-cassette-duplication\/#breadcrumb","itemListElement":[{"@type":"ListItem","position":1,"name":"Home","item":"https:\/\/tapebox.fi\/"},{"@type":"ListItem","position":2,"name":"Shop","item":"https:\/\/tapebox.fi\/"},{"@type":"ListItem","position":3,"name":"Audio Cassette Duplication"}]},{"@type":"WebSite","@id":"https:\/\/tapebox.fi\/#website","url":"https:\/\/tapebox.fi\/","name":"Tape Box","description":"","potentialAction":[{"@type":"SearchAction","target":{"@type":"EntryPoint","urlTemplate":"https:\/\/tapebox.fi\/?s={search_term_string}"},"query-input":{"@type":"PropertyValueSpecification","valueRequired":true,"valueName":"search_term_string"}}],"inLanguage":"fi"}]}},"jetpack_sharing_enabled":true,"_links":{"self":[{"href":"https:\/\/tapebox.fi\/fi\/wp-json\/wp\/v2\/product\/455","targetHints":{"allow":["GET"]}}],"collection":[{"href":"https:\/\/tapebox.fi\/fi\/wp-json\/wp\/v2\/product"}],"about":[{"href":"https:\/\/tapebox.fi\/fi\/wp-json\/wp\/v2\/types\/product"}],"wp:featuredmedia":[{"embeddable":true,"href":"https:\/\/tapebox.fi\/fi\/wp-json\/wp\/v2\/media\/1612"}],"wp:attachment":[{"href":"https:\/\/tapebox.fi\/fi\/wp-json\/wp\/v2\/media?parent=455"}],"wp:term":[{"taxonomy":"product_brand","embeddable":true,"href":"https:\/\/tapebox.fi\/fi\/wp-json\/wp\/v2\/product_brand?post=455"},{"taxonomy":"product_cat","embeddable":true,"href":"https:\/\/tapebox.fi\/fi\/wp-json\/wp\/v2\/product_cat?post=455"},{"taxonomy":"product_tag","embeddable":true,"href":"https:\/\/tapebox.fi\/fi\/wp-json\/wp\/v2\/product_tag?post=455"}],"curies":[{"name":"wp","href":"https:\/\/api.w.org\/{rel}","templated":true}]}}