{"id":1375,"date":"2026-03-04T20:38:48","date_gmt":"2026-03-04T20:38:48","guid":{"rendered":"https:\/\/tapebox.fi\/?post_type=product&#038;p=1375"},"modified":"2026-03-04T20:39:21","modified_gmt":"2026-03-04T20:39:21","slug":"axia-ps-iis-54-players-spirits-type-2-2","status":"publish","type":"product","link":"https:\/\/tapebox.fi\/fi\/tuote\/axia-ps-iis-54-players-spirits-type-2-2\/","title":{"rendered":"Axia PS-IIs 54 Player&#8217;s Spirits Type 2 (2)"},"content":{"rendered":"<p>K\u00e4ytetty tyhj\u00e4 kasetti ja kotelo.<br \/>\nKasettikotelot ovat k\u00e4ytettyj\u00e4 ja niiss\u00e4 voi olla naarmuja tai pieni\u00e4 halkeamia.<br \/>\nItse kasetit ovat eritt\u00e4in hyv\u00e4ss\u00e4 kunnossa ja niiss\u00e4 voi olla kevyit\u00e4 pintanaarmuja.<\/p>\n<p>Voit p\u00e4ivitt\u00e4\u00e4 kotelon uuteen.<\/p>","protected":false},"excerpt":{"rendered":"<p>K\u00e4ytettyj\u00e4<\/p>","protected":false},"featured_media":1376,"template":"","meta":[],"product_brand":[],"product_cat":[28,38,31,47,26],"product_tag":[],"class_list":{"0":"post-1375","1":"product","2":"type-product","3":"status-publish","4":"has-post-thumbnail","6":"product_cat-cassette","7":"product_cat-cassette-used","8":"product_cat-type-2","9":"product_cat-type-2-used","10":"product_cat-used","12":"first","13":"instock","14":"taxable","15":"shipping-taxable","16":"purchasable","17":"product-type-composite"},"yoast_head":"<!-- This site is optimized with the Yoast SEO plugin v27.3 - https:\/\/yoast.com\/product\/yoast-seo-wordpress\/ -->\n<title>Axia PS-IIs 54 Player&#039;s Spirits Type 2 (2) - Tape Box<\/title>\n<meta name=\"robots\" content=\"index, follow, max-snippet:-1, max-image-preview:large, max-video-preview:-1\" \/>\n<link rel=\"canonical\" href=\"https:\/\/tapebox.fi\/fi\/tuote\/axia-ps-iis-54-players-spirits-type-2-2\/\" \/>\n<meta property=\"og:locale\" content=\"fi_FI\" \/>\n<meta property=\"og:type\" content=\"article\" \/>\n<meta property=\"og:title\" content=\"Axia PS-IIs 54 Player&#039;s Spirits Type 2 (2) - Tape Box\" \/>\n<meta property=\"og:description\" content=\"Used\" \/>\n<meta property=\"og:url\" content=\"https:\/\/tapebox.fi\/fi\/tuote\/axia-ps-iis-54-players-spirits-type-2-2\/\" \/>\n<meta property=\"og:site_name\" content=\"Tape Box\" \/>\n<meta property=\"article:modified_time\" content=\"2026-03-04T20:39:21+00:00\" \/>\n<meta property=\"og:image\" content=\"https:\/\/tapebox.fi\/wp-content\/uploads\/2026\/03\/IMG_20260304_213403-1.jpg\" \/>\n\t<meta property=\"og:image:width\" content=\"1500\" \/>\n\t<meta property=\"og:image:height\" content=\"1177\" \/>\n\t<meta property=\"og:image:type\" content=\"image\/jpeg\" \/>\n<meta name=\"twitter:card\" content=\"summary_large_image\" \/>\n<meta name=\"twitter:label1\" content=\"Arvioitu lukuaika\" \/>\n\t<meta name=\"twitter:data1\" content=\"1 minuutti\" \/>\n<script type=\"application\/ld+json\" class=\"yoast-schema-graph\">{\"@context\":\"https:\\\/\\\/schema.org\",\"@graph\":[{\"@type\":\"WebPage\",\"@id\":\"https:\\\/\\\/tapebox.fi\\\/product\\\/axia-ps-iis-54-players-spirits-type-2-2\\\/\",\"url\":\"https:\\\/\\\/tapebox.fi\\\/product\\\/axia-ps-iis-54-players-spirits-type-2-2\\\/\",\"name\":\"Axia PS-IIs 54 Player's Spirits Type 2 (2) - Tape Box\",\"isPartOf\":{\"@id\":\"https:\\\/\\\/tapebox.fi\\\/#website\"},\"primaryImageOfPage\":{\"@id\":\"https:\\\/\\\/tapebox.fi\\\/product\\\/axia-ps-iis-54-players-spirits-type-2-2\\\/#primaryimage\"},\"image\":{\"@id\":\"https:\\\/\\\/tapebox.fi\\\/product\\\/axia-ps-iis-54-players-spirits-type-2-2\\\/#primaryimage\"},\"thumbnailUrl\":\"https:\\\/\\\/tapebox.fi\\\/wp-content\\\/uploads\\\/2026\\\/03\\\/IMG_20260304_213403-1.jpg\",\"datePublished\":\"2026-03-04T20:38:48+00:00\",\"dateModified\":\"2026-03-04T20:39:21+00:00\",\"breadcrumb\":{\"@id\":\"https:\\\/\\\/tapebox.fi\\\/product\\\/axia-ps-iis-54-players-spirits-type-2-2\\\/#breadcrumb\"},\"inLanguage\":\"fi\",\"potentialAction\":[{\"@type\":\"ReadAction\",\"target\":[\"https:\\\/\\\/tapebox.fi\\\/product\\\/axia-ps-iis-54-players-spirits-type-2-2\\\/\"]}]},{\"@type\":\"ImageObject\",\"inLanguage\":\"fi\",\"@id\":\"https:\\\/\\\/tapebox.fi\\\/product\\\/axia-ps-iis-54-players-spirits-type-2-2\\\/#primaryimage\",\"url\":\"https:\\\/\\\/tapebox.fi\\\/wp-content\\\/uploads\\\/2026\\\/03\\\/IMG_20260304_213403-1.jpg\",\"contentUrl\":\"https:\\\/\\\/tapebox.fi\\\/wp-content\\\/uploads\\\/2026\\\/03\\\/IMG_20260304_213403-1.jpg\",\"width\":1500,\"height\":1177},{\"@type\":\"BreadcrumbList\",\"@id\":\"https:\\\/\\\/tapebox.fi\\\/product\\\/axia-ps-iis-54-players-spirits-type-2-2\\\/#breadcrumb\",\"itemListElement\":[{\"@type\":\"ListItem\",\"position\":1,\"name\":\"Home\",\"item\":\"https:\\\/\\\/tapebox.fi\\\/\"},{\"@type\":\"ListItem\",\"position\":2,\"name\":\"Shop\",\"item\":\"https:\\\/\\\/tapebox.fi\\\/\"},{\"@type\":\"ListItem\",\"position\":3,\"name\":\"Axia PS-IIs 54 Player&#8217;s Spirits Type 2 (2)\"}]},{\"@type\":\"WebSite\",\"@id\":\"https:\\\/\\\/tapebox.fi\\\/#website\",\"url\":\"https:\\\/\\\/tapebox.fi\\\/\",\"name\":\"Tape Box\",\"description\":\"\",\"potentialAction\":[{\"@type\":\"SearchAction\",\"target\":{\"@type\":\"EntryPoint\",\"urlTemplate\":\"https:\\\/\\\/tapebox.fi\\\/?s={search_term_string}\"},\"query-input\":{\"@type\":\"PropertyValueSpecification\",\"valueRequired\":true,\"valueName\":\"search_term_string\"}}],\"inLanguage\":\"fi\"}]}<\/script>\n<!-- \/ Yoast SEO plugin. -->","yoast_head_json":{"title":"Axia PS-IIs 54 Player's Spirits Type 2 (2) - Tape Box","robots":{"index":"index","follow":"follow","max-snippet":"max-snippet:-1","max-image-preview":"max-image-preview:large","max-video-preview":"max-video-preview:-1"},"canonical":"https:\/\/tapebox.fi\/fi\/tuote\/axia-ps-iis-54-players-spirits-type-2-2\/","og_locale":"fi_FI","og_type":"article","og_title":"Axia PS-IIs 54 Player's Spirits Type 2 (2) - Tape Box","og_description":"Used","og_url":"https:\/\/tapebox.fi\/fi\/tuote\/axia-ps-iis-54-players-spirits-type-2-2\/","og_site_name":"Tape Box","article_modified_time":"2026-03-04T20:39:21+00:00","og_image":[{"width":1500,"height":1177,"url":"https:\/\/tapebox.fi\/wp-content\/uploads\/2026\/03\/IMG_20260304_213403-1.jpg","type":"image\/jpeg"}],"twitter_card":"summary_large_image","twitter_misc":{"Arvioitu lukuaika":"1 minuutti"},"schema":{"@context":"https:\/\/schema.org","@graph":[{"@type":"WebPage","@id":"https:\/\/tapebox.fi\/product\/axia-ps-iis-54-players-spirits-type-2-2\/","url":"https:\/\/tapebox.fi\/product\/axia-ps-iis-54-players-spirits-type-2-2\/","name":"Axia PS-IIs 54 Player's Spirits Type 2 (2) - Tape Box","isPartOf":{"@id":"https:\/\/tapebox.fi\/#website"},"primaryImageOfPage":{"@id":"https:\/\/tapebox.fi\/product\/axia-ps-iis-54-players-spirits-type-2-2\/#primaryimage"},"image":{"@id":"https:\/\/tapebox.fi\/product\/axia-ps-iis-54-players-spirits-type-2-2\/#primaryimage"},"thumbnailUrl":"https:\/\/tapebox.fi\/wp-content\/uploads\/2026\/03\/IMG_20260304_213403-1.jpg","datePublished":"2026-03-04T20:38:48+00:00","dateModified":"2026-03-04T20:39:21+00:00","breadcrumb":{"@id":"https:\/\/tapebox.fi\/product\/axia-ps-iis-54-players-spirits-type-2-2\/#breadcrumb"},"inLanguage":"fi","potentialAction":[{"@type":"ReadAction","target":["https:\/\/tapebox.fi\/product\/axia-ps-iis-54-players-spirits-type-2-2\/"]}]},{"@type":"ImageObject","inLanguage":"fi","@id":"https:\/\/tapebox.fi\/product\/axia-ps-iis-54-players-spirits-type-2-2\/#primaryimage","url":"https:\/\/tapebox.fi\/wp-content\/uploads\/2026\/03\/IMG_20260304_213403-1.jpg","contentUrl":"https:\/\/tapebox.fi\/wp-content\/uploads\/2026\/03\/IMG_20260304_213403-1.jpg","width":1500,"height":1177},{"@type":"BreadcrumbList","@id":"https:\/\/tapebox.fi\/product\/axia-ps-iis-54-players-spirits-type-2-2\/#breadcrumb","itemListElement":[{"@type":"ListItem","position":1,"name":"Home","item":"https:\/\/tapebox.fi\/"},{"@type":"ListItem","position":2,"name":"Shop","item":"https:\/\/tapebox.fi\/"},{"@type":"ListItem","position":3,"name":"Axia PS-IIs 54 Player&#8217;s Spirits Type 2 (2)"}]},{"@type":"WebSite","@id":"https:\/\/tapebox.fi\/#website","url":"https:\/\/tapebox.fi\/","name":"Tape Box","description":"","potentialAction":[{"@type":"SearchAction","target":{"@type":"EntryPoint","urlTemplate":"https:\/\/tapebox.fi\/?s={search_term_string}"},"query-input":{"@type":"PropertyValueSpecification","valueRequired":true,"valueName":"search_term_string"}}],"inLanguage":"fi"}]}},"jetpack_sharing_enabled":true,"_links":{"self":[{"href":"https:\/\/tapebox.fi\/fi\/wp-json\/wp\/v2\/product\/1375","targetHints":{"allow":["GET"]}}],"collection":[{"href":"https:\/\/tapebox.fi\/fi\/wp-json\/wp\/v2\/product"}],"about":[{"href":"https:\/\/tapebox.fi\/fi\/wp-json\/wp\/v2\/types\/product"}],"wp:featuredmedia":[{"embeddable":true,"href":"https:\/\/tapebox.fi\/fi\/wp-json\/wp\/v2\/media\/1376"}],"wp:attachment":[{"href":"https:\/\/tapebox.fi\/fi\/wp-json\/wp\/v2\/media?parent=1375"}],"wp:term":[{"taxonomy":"product_brand","embeddable":true,"href":"https:\/\/tapebox.fi\/fi\/wp-json\/wp\/v2\/product_brand?post=1375"},{"taxonomy":"product_cat","embeddable":true,"href":"https:\/\/tapebox.fi\/fi\/wp-json\/wp\/v2\/product_cat?post=1375"},{"taxonomy":"product_tag","embeddable":true,"href":"https:\/\/tapebox.fi\/fi\/wp-json\/wp\/v2\/product_tag?post=1375"}],"curies":[{"name":"wp","href":"https:\/\/api.w.org\/{rel}","templated":true}]}}