{"id":46,"date":"2025-08-22T07:43:42","date_gmt":"2025-08-22T07:43:42","guid":{"rendered":"http:\/\/kasetteja.local\/?page_id=46"},"modified":"2026-01-28T19:48:22","modified_gmt":"2026-01-28T19:48:22","slug":"company-information","status":"publish","type":"page","link":"https:\/\/tapebox.fi\/fi\/company-information\/","title":{"rendered":"Yritystiedot"},"content":{"rendered":"<h3 class=\"wp-block-heading\"><strong>Yritystiedot<\/strong><\/h3>\n\n\n\n<p><strong>Tape Box on suomalainen yritys, ja kaikki tilaukset l\u00e4hetet\u00e4\u00e4n Suomesta.<\/strong><\/p>\n\n\n\n<p><strong>Yrityksen nimi:<\/strong> Tape Box<\/p>\n\n\n\n<p><strong>Y-tunnus:<\/strong> 3578265-5<\/p>\n\n\n\n<p><strong>Yhteystiedot<\/strong> <strong>S\u00e4hk\u00f6posti:<\/strong> info@tapebox.fi<\/p>\n\n\n\n<p><strong>WhatsApp:<\/strong> +358 40 365 3844 (Huom: Vain viestit, emme vastaa puheluihin t\u00e4ss\u00e4 numerossa.)<\/p>\n\n\n\n<p><strong>Tuotteet ja Hinnoittelu<\/strong> Myymme kasetteja. L\u00f6yd\u00e4t tarkemmat tuotekohtaiset tiedot ja hinnat suoraan tuotesivuilta.<\/p>\n\n\n\n<ul class=\"wp-block-list\">\n<li><strong>Hinnat:<\/strong> Kaikki ilmoitetut hinnat sis\u00e4lt\u00e4v\u00e4t arvonlis\u00e4veron (ALV).<\/li>\n\n\n\n<li><strong>Toimituskulut:<\/strong> Hinnat sis\u00e4lt\u00e4v\u00e4t ALV:n. Toimituskulut lasketaan kassalla tilauksen koon mukaan.<\/li>\n<\/ul>\n\n\n\n<hr class=\"wp-block-separator has-alpha-channel-opacity\"\/>\n\n\n\n<h3 class=\"wp-block-heading\"><strong>Yritystiedot<\/strong><\/h3>\n\n\n\n<p><strong>Tape Box is a Finnish company, and all orders are shipped from Finland.<\/strong><\/p>\n\n\n\n<p><strong>Company Name:<\/strong> Tape Box<\/p>\n\n\n\n<p><strong>Business ID:<\/strong> 3578265-5<\/p>\n\n\n\n<p><strong>Contact Details<\/strong> <strong>S\u00e4hk\u00f6posti:<\/strong> info@tapebox.fi<\/p>\n\n\n\n<p><strong>WhatsApp:<\/strong> +358 40 365 3844 (Note: Messages only. We do not answer calls at this number.)<\/p>\n\n\n\n<p><strong>Products and Pricing<\/strong> We sell cassettes. Detailed product information and pricing can be found directly on the product pages.<\/p>\n\n\n\n<ul class=\"wp-block-list\">\n<li><strong>Prices:<\/strong> All listed prices include VAT.<\/li>\n\n\n\n<li><strong>Shipping Costs:<\/strong> Prices include VAT. Shipping costs are calculated at checkout based on the size of the order.<\/li>\n<\/ul>\n\n\n\n<p><\/p>","protected":false},"excerpt":{"rendered":"<p>Yritystiedot Tape Box on suomalainen yritys, ja kaikki tilaukset l\u00e4hetet\u00e4\u00e4n Suomesta. Yrityksen nimi: Tape Box Y-tunnus: 3578265-5 Yhteystiedot S\u00e4hk\u00f6posti: info@tapebox.fi WhatsApp: +358 40 365 3844 (Huom: Vain viestit, emme vastaa puheluihin t\u00e4ss\u00e4 numerossa.) Tuotteet ja Hinnoittelu Myymme kasetteja. L\u00f6yd\u00e4t tarkemmat tuotekohtaiset tiedot ja hinnat suoraan tuotesivuilta. Company Information Tape Box is a Finnish company, and [&hellip;]<\/p>\n","protected":false},"author":1,"featured_media":0,"parent":0,"menu_order":0,"comment_status":"closed","ping_status":"closed","template":"","meta":{"footnotes":""},"class_list":["post-46","page","type-page","status-publish","hentry"],"yoast_head":"<!-- This site is optimized with the Yoast SEO plugin v27.6 - https:\/\/yoast.com\/product\/yoast-seo-wordpress\/ -->\n<title>Company Information - Tape Box<\/title>\n<meta name=\"robots\" content=\"index, follow, max-snippet:-1, max-image-preview:large, max-video-preview:-1\" \/>\n<link rel=\"canonical\" href=\"https:\/\/tapebox.fi\/fi\/company-information\/\" \/>\n<meta property=\"og:locale\" content=\"fi_FI\" \/>\n<meta property=\"og:type\" content=\"article\" \/>\n<meta property=\"og:title\" content=\"Company Information - Tape Box\" \/>\n<meta property=\"og:description\" content=\"Yritystiedot Tape Box on suomalainen yritys, ja kaikki tilaukset l\u00e4hetet\u00e4\u00e4n Suomesta. Yrityksen nimi: Tape Box Y-tunnus: 3578265-5 Yhteystiedot S\u00e4hk\u00f6posti: info@tapebox.fi WhatsApp: +358 40 365 3844 (Huom: Vain viestit, emme vastaa puheluihin t\u00e4ss\u00e4 numerossa.) Tuotteet ja Hinnoittelu Myymme kasetteja. L\u00f6yd\u00e4t tarkemmat tuotekohtaiset tiedot ja hinnat suoraan tuotesivuilta. Company Information Tape Box is a Finnish company, and [&hellip;]\" \/>\n<meta property=\"og:url\" content=\"https:\/\/tapebox.fi\/fi\/company-information\/\" \/>\n<meta property=\"og:site_name\" content=\"Tape Box\" \/>\n<meta property=\"article:modified_time\" content=\"2026-01-28T19:48:22+00:00\" \/>\n<meta name=\"twitter:card\" content=\"summary_large_image\" \/>\n<meta name=\"twitter:label1\" content=\"Arvioitu lukuaika\" \/>\n\t<meta name=\"twitter:data1\" content=\"1 minuutti\" \/>\n<script type=\"application\/ld+json\" class=\"yoast-schema-graph\">{\"@context\":\"https:\\\/\\\/schema.org\",\"@graph\":[{\"@type\":\"WebPage\",\"@id\":\"https:\\\/\\\/tapebox.fi\\\/company-information\\\/\",\"url\":\"https:\\\/\\\/tapebox.fi\\\/company-information\\\/\",\"name\":\"Company Information - Tape Box\",\"isPartOf\":{\"@id\":\"https:\\\/\\\/tapebox.fi\\\/#website\"},\"datePublished\":\"2025-08-22T07:43:42+00:00\",\"dateModified\":\"2026-01-28T19:48:22+00:00\",\"breadcrumb\":{\"@id\":\"https:\\\/\\\/tapebox.fi\\\/company-information\\\/#breadcrumb\"},\"inLanguage\":\"fi\",\"potentialAction\":[{\"@type\":\"ReadAction\",\"target\":[\"https:\\\/\\\/tapebox.fi\\\/company-information\\\/\"]}]},{\"@type\":\"BreadcrumbList\",\"@id\":\"https:\\\/\\\/tapebox.fi\\\/company-information\\\/#breadcrumb\",\"itemListElement\":[{\"@type\":\"ListItem\",\"position\":1,\"name\":\"Home\",\"item\":\"https:\\\/\\\/tapebox.fi\\\/\"},{\"@type\":\"ListItem\",\"position\":2,\"name\":\"Company Information\"}]},{\"@type\":\"WebSite\",\"@id\":\"https:\\\/\\\/tapebox.fi\\\/#website\",\"url\":\"https:\\\/\\\/tapebox.fi\\\/\",\"name\":\"Tape Box\",\"description\":\"\",\"potentialAction\":[{\"@type\":\"SearchAction\",\"target\":{\"@type\":\"EntryPoint\",\"urlTemplate\":\"https:\\\/\\\/tapebox.fi\\\/?s={search_term_string}\"},\"query-input\":{\"@type\":\"PropertyValueSpecification\",\"valueRequired\":true,\"valueName\":\"search_term_string\"}}],\"inLanguage\":\"fi\"}]}<\/script>\n<!-- \/ Yoast SEO plugin. -->","yoast_head_json":{"title":"Company Information - Tape Box","robots":{"index":"index","follow":"follow","max-snippet":"max-snippet:-1","max-image-preview":"max-image-preview:large","max-video-preview":"max-video-preview:-1"},"canonical":"https:\/\/tapebox.fi\/fi\/company-information\/","og_locale":"fi_FI","og_type":"article","og_title":"Company Information - Tape Box","og_description":"Yritystiedot Tape Box on suomalainen yritys, ja kaikki tilaukset l\u00e4hetet\u00e4\u00e4n Suomesta. Yrityksen nimi: Tape Box Y-tunnus: 3578265-5 Yhteystiedot S\u00e4hk\u00f6posti: info@tapebox.fi WhatsApp: +358 40 365 3844 (Huom: Vain viestit, emme vastaa puheluihin t\u00e4ss\u00e4 numerossa.) Tuotteet ja Hinnoittelu Myymme kasetteja. L\u00f6yd\u00e4t tarkemmat tuotekohtaiset tiedot ja hinnat suoraan tuotesivuilta. Company Information Tape Box is a Finnish company, and [&hellip;]","og_url":"https:\/\/tapebox.fi\/fi\/company-information\/","og_site_name":"Tape Box","article_modified_time":"2026-01-28T19:48:22+00:00","twitter_card":"summary_large_image","twitter_misc":{"Arvioitu lukuaika":"1 minuutti"},"schema":{"@context":"https:\/\/schema.org","@graph":[{"@type":"WebPage","@id":"https:\/\/tapebox.fi\/company-information\/","url":"https:\/\/tapebox.fi\/company-information\/","name":"Company Information - Tape Box","isPartOf":{"@id":"https:\/\/tapebox.fi\/#website"},"datePublished":"2025-08-22T07:43:42+00:00","dateModified":"2026-01-28T19:48:22+00:00","breadcrumb":{"@id":"https:\/\/tapebox.fi\/company-information\/#breadcrumb"},"inLanguage":"fi","potentialAction":[{"@type":"ReadAction","target":["https:\/\/tapebox.fi\/company-information\/"]}]},{"@type":"BreadcrumbList","@id":"https:\/\/tapebox.fi\/company-information\/#breadcrumb","itemListElement":[{"@type":"ListItem","position":1,"name":"Home","item":"https:\/\/tapebox.fi\/"},{"@type":"ListItem","position":2,"name":"Company Information"}]},{"@type":"WebSite","@id":"https:\/\/tapebox.fi\/#website","url":"https:\/\/tapebox.fi\/","name":"Tape Box","description":"","potentialAction":[{"@type":"SearchAction","target":{"@type":"EntryPoint","urlTemplate":"https:\/\/tapebox.fi\/?s={search_term_string}"},"query-input":{"@type":"PropertyValueSpecification","valueRequired":true,"valueName":"search_term_string"}}],"inLanguage":"fi"}]}},"jetpack_sharing_enabled":true,"_links":{"self":[{"href":"https:\/\/tapebox.fi\/fi\/wp-json\/wp\/v2\/pages\/46","targetHints":{"allow":["GET"]}}],"collection":[{"href":"https:\/\/tapebox.fi\/fi\/wp-json\/wp\/v2\/pages"}],"about":[{"href":"https:\/\/tapebox.fi\/fi\/wp-json\/wp\/v2\/types\/page"}],"author":[{"embeddable":true,"href":"https:\/\/tapebox.fi\/fi\/wp-json\/wp\/v2\/users\/1"}],"replies":[{"embeddable":true,"href":"https:\/\/tapebox.fi\/fi\/wp-json\/wp\/v2\/comments?post=46"}],"version-history":[{"count":12,"href":"https:\/\/tapebox.fi\/fi\/wp-json\/wp\/v2\/pages\/46\/revisions"}],"predecessor-version":[{"id":947,"href":"https:\/\/tapebox.fi\/fi\/wp-json\/wp\/v2\/pages\/46\/revisions\/947"}],"wp:attachment":[{"href":"https:\/\/tapebox.fi\/fi\/wp-json\/wp\/v2\/media?parent=46"}],"curies":[{"name":"wp","href":"https:\/\/api.w.org\/{rel}","templated":true}]}}